{"id":102,"date":"2017-12-01T12:17:42","date_gmt":"2017-12-01T12:17:07","guid":{"rendered":"https:\/\/www.boeckli-buehler.ch\/?page_id=102"},"modified":"2025-08-06T10:23:51","modified_gmt":"2025-08-06T10:23:51","slug":"karriere","status":"publish","type":"page","link":"https:\/\/www.boeckli-buehler.ch\/de\/karriere\/","title":{"rendered":"KARRIERE"},"content":{"rendered":"<div id='full_slider_1'  class='avia-fullwidth-slider main_color avia-shadow   avia-builder-el-0  el_before_av_one_full  avia-builder-el-first   container_wrap sidebar_right'  ><div  class='avia-slideshow av-xja9q-7c821d34dbb353b4f8dd9ed71274cee7 avia-slideshow-no scaling av_slideshow_full avia-slide-slider av-slideshow-ui av-control-default av-slideshow-manual av-loop-once av-loop-manual-endless av-default-height-applied   avia-slideshow-1' data-slideshow-options=\"{&quot;animation&quot;:&quot;slide&quot;,&quot;autoplay&quot;:false,&quot;loop_autoplay&quot;:&quot;once&quot;,&quot;interval&quot;:5,&quot;loop_manual&quot;:&quot;manual-endless&quot;,&quot;autoplay_stopper&quot;:false,&quot;noNavigation&quot;:false,&quot;bg_slider&quot;:false,&quot;keep_padding&quot;:false,&quot;hoverpause&quot;:false,&quot;show_slide_delay&quot;:0}\"  itemprop=\"image\" itemscope=\"itemscope\" itemtype=\"https:\/\/schema.org\/ImageObject\" ><ul class='avia-slideshow-inner ' style='padding-bottom: 20.390625%;'><li  class='avia-slideshow-slide av-xja9q-7c821d34dbb353b4f8dd9ed71274cee7__0  av-single-slide slide-1 slide-odd'><div data-rel='slideshow-1' class='avia-slide-wrap '   ><img decoding=\"async\" fetchpriority=\"high\" class=\"wp-image-764 avia-img-lazy-loading-not-764\"  src=\"https:\/\/www.boeckli-buehler.ch\/wp-content\/uploads\/2018\/02\/8984-1.jpg\" width=\"1280\" height=\"261\" title='' alt=''  itemprop=\"thumbnailUrl\" srcset=\"https:\/\/www.boeckli-buehler.ch\/wp-content\/uploads\/2018\/02\/8984-1.jpg 1280w, https:\/\/www.boeckli-buehler.ch\/wp-content\/uploads\/2018\/02\/8984-1-300x61.jpg 300w, https:\/\/www.boeckli-buehler.ch\/wp-content\/uploads\/2018\/02\/8984-1-768x157.jpg 768w, https:\/\/www.boeckli-buehler.ch\/wp-content\/uploads\/2018\/02\/8984-1-1030x210.jpg 1030w, https:\/\/www.boeckli-buehler.ch\/wp-content\/uploads\/2018\/02\/8984-1-705x144.jpg 705w, https:\/\/www.boeckli-buehler.ch\/wp-content\/uploads\/2018\/02\/8984-1-450x92.jpg 450w\" sizes=\"(max-width: 1280px) 100vw, 1280px\" \/><\/div><\/li><\/ul><\/div><\/div><div id='after_full_slider_1'  class='main_color av_default_container_wrap container_wrap sidebar_right'  ><div class='container av-section-cont-open' ><div class='template-page content  av-content-small alpha units'><div class='post-entry post-entry-type-page post-entry-102'><div class='entry-content-wrapper clearfix'>\n\n<style type=\"text\/css\" data-created_by=\"avia_inline_auto\" id=\"style-css-av-jddse-49b6c3e07b5cfd4b3cd65fc68bd649d1\">\n.flex_column.av-jddse-49b6c3e07b5cfd4b3cd65fc68bd649d1{\nborder-radius:0px 0px 0px 0px;\npadding:0px 0px 0px 0px;\n}\n<\/style>\n<div  class='flex_column av-jddse-49b6c3e07b5cfd4b3cd65fc68bd649d1 av_one_full  avia-builder-el-1  el_after_av_slideshow_full  avia-builder-el-no-sibling  first flex_column_div av-zero-column-padding  '     ><p>\n<style type=\"text\/css\" data-created_by=\"avia_inline_auto\" id=\"style-css-av-l709ch34-b95ccc01ff9746985d07db42636408ee\">\n#top .av-special-heading.av-l709ch34-b95ccc01ff9746985d07db42636408ee{\npadding-bottom:10px;\n}\nbody .av-special-heading.av-l709ch34-b95ccc01ff9746985d07db42636408ee .av-special-heading-tag .heading-char{\nfont-size:25px;\n}\n.av-special-heading.av-l709ch34-b95ccc01ff9746985d07db42636408ee .av-subheading{\nfont-size:15px;\n}\n<\/style>\n<div  class='av-special-heading av-l709ch34-b95ccc01ff9746985d07db42636408ee av-special-heading-h1  avia-builder-el-2  el_before_av_textblock  avia-builder-el-first '><h1 class='av-special-heading-tag'  itemprop=\"headline\"  >OFFENE STELLEN<\/h1><div class=\"special-heading-border\"><div class=\"special-heading-inner-border\"><\/div><\/div><\/div><br \/>\n<section  class='av_textblock_section av-6o5wu-3208b4499157d32235b4551609c6e8d0 '   itemscope=\"itemscope\" itemtype=\"https:\/\/schema.org\/CreativeWork\" ><div class='avia_textblock'  itemprop=\"text\" ><p><strong>JURISTISCHE VOLONTARIATSSTELLE <\/strong><\/p>\n<p>b\u00f6ckli b\u00fchler partner ist ein wirtschaftsrechtlich orientiertes Advokaturb\u00fcro und offeriert jeweils eine neunmonatige juristische Volontariatsstelle. Wir setzen sehr gute akademische Qualifikationen sowie sprachliche Gewandtheit in Deutsch, Englisch und m\u00f6glichst auch in Franz\u00f6sisch voraus. Ein bereits absolviertes Praktikum auf einem vorzugsweise zivilrechtlich t\u00e4tigen Gericht ist von Vorteil.<\/p>\n<p>Als Volont\u00e4r werden Sie praxisbezogen in den vielseitigen T\u00e4tigkeitsbereich eines Wirtschaftsanwalts eingef\u00fchrt und begleitet. Wir bieten \u00fcberdurchschnittliche Anstellungsbedingungen.<\/p>\n<p>Wenn Sie sich angesprochen f\u00fchlen, senden Sie Ihre Bewerbungsunterlagen an:<\/p>\n<p>Dr. Daniel H\u00e4ring<br \/>\nb\u00f6ckli b\u00fchler partner | St. Jakobs-Strasse 41 | Postfach 2348 | 4002 Basel<br \/>\nTel +41 61 317 94 50<\/p>\n<p>oder per <a href=\"mailto:d.haering@boeckli-buehler.ch\">E-Mail<\/a><\/p>\n<\/div><\/section><br \/>\n<section  class='av_textblock_section av-m8sjbor5-33f81d525c859508e889b1f0fc732942 '   itemscope=\"itemscope\" itemtype=\"https:\/\/schema.org\/CreativeWork\" ><div class='avia_textblock'  itemprop=\"text\" ><\/div><\/section><\/p><\/div>\n","protected":false},"excerpt":{"rendered":"","protected":false},"author":1,"featured_media":0,"parent":0,"menu_order":4,"comment_status":"closed","ping_status":"closed","template":"","meta":{"footnotes":""},"_links":{"self":[{"href":"https:\/\/www.boeckli-buehler.ch\/de\/wp-json\/wp\/v2\/pages\/102"}],"collection":[{"href":"https:\/\/www.boeckli-buehler.ch\/de\/wp-json\/wp\/v2\/pages"}],"about":[{"href":"https:\/\/www.boeckli-buehler.ch\/de\/wp-json\/wp\/v2\/types\/page"}],"author":[{"embeddable":true,"href":"https:\/\/www.boeckli-buehler.ch\/de\/wp-json\/wp\/v2\/users\/1"}],"replies":[{"embeddable":true,"href":"https:\/\/www.boeckli-buehler.ch\/de\/wp-json\/wp\/v2\/comments?post=102"}],"version-history":[{"count":20,"href":"https:\/\/www.boeckli-buehler.ch\/de\/wp-json\/wp\/v2\/pages\/102\/revisions"}],"predecessor-version":[{"id":4701,"href":"https:\/\/www.boeckli-buehler.ch\/de\/wp-json\/wp\/v2\/pages\/102\/revisions\/4701"}],"wp:attachment":[{"href":"https:\/\/www.boeckli-buehler.ch\/de\/wp-json\/wp\/v2\/media?parent=102"}],"curies":[{"name":"wp","href":"https:\/\/api.w.org\/{rel}","templated":true}]}}