{"id":135,"date":"2017-12-04T12:36:58","date_gmt":"2017-12-04T12:36:58","guid":{"rendered":"https:\/\/www.boeckli-buehler.ch\/team\/prof-peter-boeckli-7\/"},"modified":"2025-05-15T08:22:34","modified_gmt":"2025-05-15T08:22:34","slug":"anne-sophie-burckhardt-buchs","status":"publish","type":"page","link":"https:\/\/www.boeckli-buehler.ch\/de\/team\/anne-sophie-burckhardt-buchs\/","title":{"rendered":"ANNE-SOPHIE BURCKHARDT-BUCHS"},"content":{"rendered":"<div id='full_slider_1'  class='avia-fullwidth-slider main_color avia-shadow   avia-builder-el-0  el_before_av_two_third  avia-builder-el-first   container_wrap sidebar_right'  ><div  class='avia-slideshow av-23iytj-79eda78744d3836f2732d14d90f4ffff avia-slideshow-no scaling av_slideshow_full avia-slide-slider av-slideshow-ui av-control-default av-slideshow-manual av-loop-once av-loop-manual-endless av-default-height-applied   avia-slideshow-1' data-slideshow-options=\"{&quot;animation&quot;:&quot;slide&quot;,&quot;autoplay&quot;:false,&quot;loop_autoplay&quot;:&quot;once&quot;,&quot;interval&quot;:5,&quot;loop_manual&quot;:&quot;manual-endless&quot;,&quot;autoplay_stopper&quot;:false,&quot;noNavigation&quot;:false,&quot;bg_slider&quot;:false,&quot;keep_padding&quot;:false,&quot;hoverpause&quot;:false,&quot;show_slide_delay&quot;:0}\"  itemprop=\"image\" itemscope=\"itemscope\" itemtype=\"https:\/\/schema.org\/ImageObject\" ><ul class='avia-slideshow-inner ' style='padding-bottom: 20.3125%;'><li  class='avia-slideshow-slide av-23iytj-79eda78744d3836f2732d14d90f4ffff__0  av-single-slide slide-1 slide-odd'><div data-rel='slideshow-1' class='avia-slide-wrap '   ><img decoding=\"async\" fetchpriority=\"high\" class=\"wp-image-594 avia-img-lazy-loading-not-594\"  src=\"https:\/\/www.boeckli-buehler.ch\/wp-content\/uploads\/2018\/02\/8851.jpg\" width=\"1280\" height=\"260\" title='' alt=''  itemprop=\"thumbnailUrl\" srcset=\"https:\/\/www.boeckli-buehler.ch\/wp-content\/uploads\/2018\/02\/8851.jpg 1280w, https:\/\/www.boeckli-buehler.ch\/wp-content\/uploads\/2018\/02\/8851-300x61.jpg 300w, https:\/\/www.boeckli-buehler.ch\/wp-content\/uploads\/2018\/02\/8851-768x156.jpg 768w, https:\/\/www.boeckli-buehler.ch\/wp-content\/uploads\/2018\/02\/8851-1030x209.jpg 1030w, https:\/\/www.boeckli-buehler.ch\/wp-content\/uploads\/2018\/02\/8851-705x143.jpg 705w, https:\/\/www.boeckli-buehler.ch\/wp-content\/uploads\/2018\/02\/8851-450x91.jpg 450w\" sizes=\"(max-width: 1280px) 100vw, 1280px\" \/><\/div><\/li><\/ul><\/div><\/div><div id='after_full_slider_1'  class='main_color av_default_container_wrap container_wrap sidebar_right'  ><div class='container av-section-cont-open' ><div class='template-page content  av-content-small alpha units'><div class='post-entry post-entry-type-page post-entry-135'><div class='entry-content-wrapper clearfix'>\n\n<style type=\"text\/css\" data-created_by=\"avia_inline_auto\" id=\"style-css-av-1rqk9r-91554438b88baaea855d4110f063eba8\">\n.flex_column.av-1rqk9r-91554438b88baaea855d4110f063eba8{\nborder-radius:0px 0px 0px 0px;\npadding:0px 0px 0px 0px;\n}\n<\/style>\n<div  class='flex_column av-1rqk9r-91554438b88baaea855d4110f063eba8 av_two_third  avia-builder-el-1  el_after_av_slideshow_full  el_before_av_one_third  avia-builder-el-first  first flex_column_div av-zero-column-padding  '     ><p>\n<style type=\"text\/css\" data-created_by=\"avia_inline_auto\" id=\"style-css-av-a2mvz-102d5e613e180c4627356bb3524be099\">\n#top .av-special-heading.av-a2mvz-102d5e613e180c4627356bb3524be099{\npadding-bottom:10px;\n}\nbody .av-special-heading.av-a2mvz-102d5e613e180c4627356bb3524be099 .av-special-heading-tag .heading-char{\nfont-size:25px;\n}\n.av-special-heading.av-a2mvz-102d5e613e180c4627356bb3524be099 .av-subheading{\nfont-size:15px;\n}\n<\/style>\n<div  class='av-special-heading av-a2mvz-102d5e613e180c4627356bb3524be099 av-special-heading-h1 blockquote modern-quote  avia-builder-el-2  el_before_av_textblock  avia-builder-el-first '><h1 class='av-special-heading-tag'  itemprop=\"headline\"  >ANNE-SOPHIE BURCKHARDT-BUCHS<\/h1><div class='av-subheading av-subheading_below'><p>LL.M., Advokatin<\/p>\n<\/div><div class=\"special-heading-border\"><div class=\"special-heading-inner-border\"><\/div><\/div><\/div><br \/>\n<section  class='av_textblock_section av-1cb09r-2fec66d0fe38cf184ff56ea29d004b78 '   itemscope=\"itemscope\" itemtype=\"https:\/\/schema.org\/CreativeWork\" ><div class='avia_textblock'  itemprop=\"text\" ><p style=\"text-align: left;\">Anne-Sophie Burckhardt-Buchs schloss im Jahre 2010 das Studium der Rechtswissenschaften mit Vertiefung im Wirtschaftsrecht an der Universit\u00e4t Basel ab. Ende 2012 wurde sie in Basel als Advokatin zugelassen und trat 2013 in das B\u00fcro b\u00f6ckli b\u00fchler partner ein. Im Jahre 2017 erwarb Anne-Sophie Burckhardt-Buchs den Master of Laws (LL.M. mit Spezialisierung im Gesellschafts- und Handelsrecht) mit Auszeichnung (Distinction) an der London School of Economics and Political Science (LSE). Im Oktober desselben Jahres wurde sie als Partnerin in das B\u00fcro b\u00f6ckli b\u00fchler partner aufgenommen.<\/p>\n<p style=\"text-align: left;\">Zu den T\u00e4tigkeitsschwerpunkten von Anne-Sophie Burckhardt-Buchs z\u00e4hlen das Vertrags- und Gesellschaftsrecht, das Finanzmarktrecht sowie die private Verm\u00f6genplanung und Nachfolge.<\/p>\n<\/div><\/section><br \/>\n\n<style type=\"text\/css\" data-created_by=\"avia_inline_auto\" id=\"style-css-av-18upqf-4eaf07564ead759af322ef731f65cb30\">\n#top .hr.hr-invisible.av-18upqf-4eaf07564ead759af322ef731f65cb30{\nheight:40px;\n}\n<\/style>\n<div  class='hr av-18upqf-4eaf07564ead759af322ef731f65cb30 hr-invisible  avia-builder-el-4  el_after_av_textblock  el_before_av_textblock '><span class='hr-inner '><span class=\"hr-inner-style\"><\/span><\/span><\/div><br \/>\n<section  class='av_textblock_section av-12r8hz-a3f04fdd86d1dea88d34aa0bbbcb8755 '   itemscope=\"itemscope\" itemtype=\"https:\/\/schema.org\/CreativeWork\" ><div class='avia_textblock'  itemprop=\"text\" ><p><strong>T\u00e4tigkeitsbereiche:<\/strong><\/p>\n<p><a href=\"https:\/\/www.boeckli-buehler.ch\/services\/unternehmen-und-vertraege\/\">Unternehmen und Vertr\u00e4ge<\/a><br \/>\n<a href=\"https:\/\/www.boeckli-buehler.ch\/services\/banken-und-finanzmarkt\/\">Banken und Finanzmarkt<\/a><br \/>\n<a href=\"https:\/\/www.boeckli-buehler.ch\/services\/vermoegensplanung-und-nachfolge\/\">Verm\u00f6gensplanung und -nachfolge<\/a><br \/>\n<a href=\"https:\/\/www.boeckli-buehler.ch\/services\/arbeitsrecht\/\">Arbeitsrecht<\/a><br \/>\n<a href=\"https:\/\/www.boeckli-buehler.ch\/services\/gutachten\/\">Gutachten<\/a><\/p>\n<\/div><\/section><\/p><\/div>\n\n<style type=\"text\/css\" data-created_by=\"avia_inline_auto\" id=\"style-css-av-x58w7-cfd5edab1911b6986ed32e4378c928ad\">\n.flex_column.av-x58w7-cfd5edab1911b6986ed32e4378c928ad{\nborder-radius:0px 0px 0px 0px;\npadding:0px 0px 0px 0px;\n}\n<\/style>\n<div  class='flex_column av-x58w7-cfd5edab1911b6986ed32e4378c928ad av_one_third  avia-builder-el-6  el_after_av_two_third  el_before_av_one_full  flex_column_div av-zero-column-padding  '     ><p>\n<style type=\"text\/css\" data-created_by=\"avia_inline_auto\" id=\"style-css-av-2jp13-572a99511cef55bfde7258bafe35dbe7\">\n.avia-image-container.av-2jp13-572a99511cef55bfde7258bafe35dbe7 img.avia_image{\nbox-shadow:none;\n}\n.avia-image-container.av-2jp13-572a99511cef55bfde7258bafe35dbe7 .av-image-caption-overlay-center{\ncolor:#ffffff;\n}\n<\/style>\n<div  class='avia-image-container av-2jp13-572a99511cef55bfde7258bafe35dbe7 av-styling- avia-align-right  avia-builder-el-7  el_before_av_hr  avia-builder-el-first '   itemprop=\"image\" itemscope=\"itemscope\" itemtype=\"https:\/\/schema.org\/ImageObject\" ><div class=\"avia-image-container-inner\"><div class=\"avia-image-overlay-wrap\"><img decoding=\"async\" fetchpriority=\"high\" class='wp-image-418 avia-img-lazy-loading-not-418 avia_image ' src=\"https:\/\/www.boeckli-buehler.ch\/wp-content\/uploads\/2018\/02\/Anne-Sophie-Buchs_new.jpg\" alt='' title=''  height=\"650\" width=\"500\"  itemprop=\"thumbnailUrl\" srcset=\"https:\/\/www.boeckli-buehler.ch\/wp-content\/uploads\/2018\/02\/Anne-Sophie-Buchs_new.jpg 500w, https:\/\/www.boeckli-buehler.ch\/wp-content\/uploads\/2018\/02\/Anne-Sophie-Buchs_new-231x300.jpg 231w, https:\/\/www.boeckli-buehler.ch\/wp-content\/uploads\/2018\/02\/Anne-Sophie-Buchs_new-450x585.jpg 450w\" sizes=\"(max-width: 500px) 100vw, 500px\" \/><\/div><\/div><\/div><br \/>\n\n<style type=\"text\/css\" data-created_by=\"avia_inline_auto\" id=\"style-css-av-20t8v-6b225f9e045032fc2ba12899b3b9009a\">\n#top .hr.hr-invisible.av-20t8v-6b225f9e045032fc2ba12899b3b9009a{\nheight:20px;\n}\n<\/style>\n<div  class='hr av-20t8v-6b225f9e045032fc2ba12899b3b9009a hr-invisible  avia-builder-el-8  el_after_av_image  el_before_av_textblock '><span class='hr-inner '><span class=\"hr-inner-style\"><\/span><\/span><\/div><br \/>\n<section  class='av_textblock_section av-f05bj-218b2fcb49b5e8d4702817fca216f0de '   itemscope=\"itemscope\" itemtype=\"https:\/\/schema.org\/CreativeWork\" ><div class='avia_textblock'  itemprop=\"text\" ><p style=\"text-align: center;\">\u00abAn meinem Beruf fasziniert mich die Herausforderung, den Vorstellungen meiner Klienten rechtlich zum Durchbruch zu verhelfen.\u00bb<\/p>\n<\/div><\/section><br \/>\n<section  class='av_textblock_section av-8i12v-aa6aa14c81b064fd17003e931f45dd17 '   itemscope=\"itemscope\" itemtype=\"https:\/\/schema.org\/CreativeWork\" ><div class='avia_textblock'  itemprop=\"text\" ><p style=\"text-align: center;\"><a href=\"mailto:a.burckhardt-buchs@boeckli-buehler.ch\">E-Mail<\/a>\u00a0| <a href=\"https:\/\/www.boeckli-buehler.ch\/wp-content\/uploads\/2018\/02\/Anne-Sophie-Burckhardt-Buchs.vcf\">vCard<\/a><\/p>\n<p style=\"text-align: center;\">Assistentin: Lizge Deniz<br \/>\n<a href=\"mailto:l.deniz@boeckli-buehler.ch\">E-Mail<\/a><\/p>\n<\/div><\/section><\/p><\/div>\n<style type=\"text\/css\" data-created_by=\"avia_inline_auto\" id=\"style-css-av-dqd67-e6099b224034df9c27d41d528bb43969\">\n.flex_column.av-dqd67-e6099b224034df9c27d41d528bb43969{\nborder-radius:0px 0px 0px 0px;\npadding:0px 0px 0px 0px;\n}\n<\/style>\n<div  class='flex_column av-dqd67-e6099b224034df9c27d41d528bb43969 av_one_full  avia-builder-el-11  el_after_av_one_third  avia-builder-el-last  first flex_column_div av-zero-column-padding  column-top-margin'     ><div  class='tabcontainer av-k06hurw0-9732d5f69c003213f11aebcebb85db10 top_tab  avia-builder-el-12  avia-builder-el-no-sibling ' role='tablist'>\n<section class='av_tab_section av_tab_section av-7kefj-95168219c29b9d0cf72bee374639ce78'  itemscope=\"itemscope\" itemtype=\"https:\/\/schema.org\/CreativeWork\" ><div class='tab active_tab' role='tab' tabindex='0' data-fake-id='#tab-id-1' aria-controls='tab-id-1-content'  itemprop=\"headline\" >PUBLIKATIONEN ANNE-SOPHIE BURCKHARDT-BUCHS<\/div><div id='tab-id-1-content' class='tab_content active_tab_content' aria-hidden=\"false\"><div class='tab_inner_content invers-color'  itemprop=\"text\" ><div>\n<p><em>Transparenz \u00fcber Nachhaltigkeitsaspekte<\/em> \u2013 Erste Erfahrungen und ein Ausblick, SZW 97 (2025) 135 ff., Co-Autor mit Prof. Dr. Christoph B. B\u00fchler<\/p>\n<hr \/>\n<p><em>Die Unabh\u00e4ngigkeit des Verwaltungsrates<\/em>, Expert Focus 2 (2019) 584 ff., Co-Autorin mit Prof. Dr. Christoph B. B\u00fchler <a href=\"https:\/\/www.boeckli-buehler.ch\/wp-content\/uploads\/2022\/06\/Bu-_-584_L_09_Buehler_Burckhardt.pdf\" target=\"_blank\" rel=\"noopener\"><strong>&gt; PDF<\/strong><\/a><\/p>\n<div>\n<hr \/>\n<\/div>\n<div><\/div>\n<\/div>\n<div><\/div>\n<\/div><\/div><\/section>\n<section class='av_tab_section av_tab_section av-lzqx842p-c433fa3ac8a9bc0d7b8f61889a125957'  itemscope=\"itemscope\" itemtype=\"https:\/\/schema.org\/CreativeWork\" ><div class='tab' role='tab' tabindex='0' data-fake-id='#tab-id-2' aria-controls='tab-id-2-content'  itemprop=\"headline\" >Lehrveranstaltungen und Referate<\/div><div id='tab-id-2-content' class='tab_content' aria-hidden=\"true\"><div class='tab_inner_content invers-color'  itemprop=\"text\" ><p>09\/2024 SZW-Tagung 2024: Referat zum Thema <em>\u00abNichtfinanzielle Berichterstattung: Erste Erfahrungen und ein Ausblick\u00bb<\/em> (zusammen mit Prof. Dr. Christoph B. B\u00fchler), Lake Side in Z\u00fcrich<\/p>\n<hr \/>\n<\/div><\/div><\/section>\n<\/div><\/div><\/p>\n","protected":false},"excerpt":{"rendered":"","protected":false},"author":1,"featured_media":0,"parent":22,"menu_order":6,"comment_status":"closed","ping_status":"closed","template":"","meta":{"footnotes":""},"_links":{"self":[{"href":"https:\/\/www.boeckli-buehler.ch\/de\/wp-json\/wp\/v2\/pages\/135"}],"collection":[{"href":"https:\/\/www.boeckli-buehler.ch\/de\/wp-json\/wp\/v2\/pages"}],"about":[{"href":"https:\/\/www.boeckli-buehler.ch\/de\/wp-json\/wp\/v2\/types\/page"}],"author":[{"embeddable":true,"href":"https:\/\/www.boeckli-buehler.ch\/de\/wp-json\/wp\/v2\/users\/1"}],"replies":[{"embeddable":true,"href":"https:\/\/www.boeckli-buehler.ch\/de\/wp-json\/wp\/v2\/comments?post=135"}],"version-history":[{"count":32,"href":"https:\/\/www.boeckli-buehler.ch\/de\/wp-json\/wp\/v2\/pages\/135\/revisions"}],"predecessor-version":[{"id":4651,"href":"https:\/\/www.boeckli-buehler.ch\/de\/wp-json\/wp\/v2\/pages\/135\/revisions\/4651"}],"up":[{"embeddable":true,"href":"https:\/\/www.boeckli-buehler.ch\/de\/wp-json\/wp\/v2\/pages\/22"}],"wp:attachment":[{"href":"https:\/\/www.boeckli-buehler.ch\/de\/wp-json\/wp\/v2\/media?parent=135"}],"curies":[{"name":"wp","href":"https:\/\/api.w.org\/{rel}","templated":true}]}}