{"id":284,"date":"2017-12-05T08:20:27","date_gmt":"2017-12-05T08:20:27","guid":{"rendered":"https:\/\/www.boeckli-buehler.ch\/services-2\/"},"modified":"2024-12-23T13:07:48","modified_gmt":"2024-12-23T13:07:48","slug":"unternehmen-und-vertraege","status":"publish","type":"page","link":"https:\/\/www.boeckli-buehler.ch\/de\/services\/unternehmen-und-vertraege\/","title":{"rendered":"UNTERNEHMEN UND VERTR\u00c4GE"},"content":{"rendered":"<div id='full_slider_1'  class='avia-fullwidth-slider main_color avia-shadow   avia-builder-el-0  el_before_av_one_full  avia-builder-el-first   container_wrap sidebar_right'  ><div  class='avia-slideshow av-1ehmms-3b61dd20a492cec4b918d292ac3337c8 avia-slideshow-featured av_slideshow_full avia-slide-slider av-slideshow-ui av-control-default av-slideshow-manual av-loop-once av-loop-manual-endless av-default-height-applied   avia-slideshow-1' data-slideshow-options=\"{&quot;animation&quot;:&quot;slide&quot;,&quot;autoplay&quot;:false,&quot;loop_autoplay&quot;:&quot;once&quot;,&quot;interval&quot;:5,&quot;loop_manual&quot;:&quot;manual-endless&quot;,&quot;autoplay_stopper&quot;:false,&quot;noNavigation&quot;:false,&quot;bg_slider&quot;:false,&quot;keep_padding&quot;:false,&quot;hoverpause&quot;:false,&quot;show_slide_delay&quot;:0}\"  itemprop=\"image\" itemscope=\"itemscope\" itemtype=\"https:\/\/schema.org\/ImageObject\" ><ul class='avia-slideshow-inner ' style='padding-bottom: 20.3125%;'><li  class='avia-slideshow-slide av-1ehmms-3b61dd20a492cec4b918d292ac3337c8__0  av-single-slide slide-1 slide-odd'><div data-rel='slideshow-1' class='avia-slide-wrap '   ><img decoding=\"async\" fetchpriority=\"high\" class=\"wp-image-601 avia-img-lazy-loading-not-601\"  src=\"https:\/\/www.boeckli-buehler.ch\/wp-content\/uploads\/2018\/02\/6013.jpg\" width=\"1280\" height=\"260\" title='' alt=''  itemprop=\"thumbnailUrl\" srcset=\"https:\/\/www.boeckli-buehler.ch\/wp-content\/uploads\/2018\/02\/6013.jpg 1280w, https:\/\/www.boeckli-buehler.ch\/wp-content\/uploads\/2018\/02\/6013-300x61.jpg 300w, https:\/\/www.boeckli-buehler.ch\/wp-content\/uploads\/2018\/02\/6013-768x156.jpg 768w, https:\/\/www.boeckli-buehler.ch\/wp-content\/uploads\/2018\/02\/6013-1030x209.jpg 1030w, https:\/\/www.boeckli-buehler.ch\/wp-content\/uploads\/2018\/02\/6013-705x143.jpg 705w, https:\/\/www.boeckli-buehler.ch\/wp-content\/uploads\/2018\/02\/6013-450x91.jpg 450w\" sizes=\"(max-width: 1280px) 100vw, 1280px\" \/><\/div><\/li><\/ul><\/div><\/div><div id='after_full_slider_1'  class='main_color av_default_container_wrap container_wrap sidebar_right'  ><div class='container av-section-cont-open' ><div class='template-page content  av-content-small alpha units'><div class='post-entry post-entry-type-page post-entry-284'><div class='entry-content-wrapper clearfix'>\n\n<style type=\"text\/css\" data-created_by=\"avia_inline_auto\" id=\"style-css-av-135d3o-dded6340a96f372560c1c6eba7747c06\">\n.flex_column.av-135d3o-dded6340a96f372560c1c6eba7747c06{\nborder-radius:0px 0px 0px 0px;\npadding:0px 0px 0px 0px;\n}\n<\/style>\n<div  class='flex_column av-135d3o-dded6340a96f372560c1c6eba7747c06 av_one_full  avia-builder-el-1  el_after_av_slideshow_full  el_before_av_one_full  avia-builder-el-first  first flex_column_div av-zero-column-padding  '     ><style type=\"text\/css\" data-created_by=\"avia_inline_auto\" id=\"style-css-av-l6yxbcve-7d05f15a822f905b6cf4528ea4973614\">\n#top .av-special-heading.av-l6yxbcve-7d05f15a822f905b6cf4528ea4973614{\npadding-bottom:10px;\n}\nbody .av-special-heading.av-l6yxbcve-7d05f15a822f905b6cf4528ea4973614 .av-special-heading-tag .heading-char{\nfont-size:25px;\n}\n.av-special-heading.av-l6yxbcve-7d05f15a822f905b6cf4528ea4973614 .av-subheading{\nfont-size:15px;\n}\n<\/style>\n<div  class='av-special-heading av-l6yxbcve-7d05f15a822f905b6cf4528ea4973614 av-special-heading-h1 blockquote modern-quote  avia-builder-el-2  avia-builder-el-no-sibling '><h1 class='av-special-heading-tag'  itemprop=\"headline\"  >UNTERNEHMEN UND VERTR\u00c4GE<\/h1><div class=\"special-heading-border\"><div class=\"special-heading-inner-border\"><\/div><\/div><\/div><\/div>\n\n<style type=\"text\/css\" data-created_by=\"avia_inline_auto\" id=\"style-css-av-s9gb0-aa49cccf32d855fd50f07d48c5e5f693\">\n.flex_column.av-s9gb0-aa49cccf32d855fd50f07d48c5e5f693{\nborder-radius:0px 0px 0px 0px;\npadding:0px 0px 0px 0px;\n}\n<\/style>\n<div  class='flex_column av-s9gb0-aa49cccf32d855fd50f07d48c5e5f693 av_one_full  avia-builder-el-3  el_after_av_one_full  el_before_av_one_full  first flex_column_div av-zero-column-padding  column-top-margin'     ><section  class='av_textblock_section av-lwb2s-a619835124b1c2ded38419e9e7ee7962 '   itemscope=\"itemscope\" itemtype=\"https:\/\/schema.org\/CreativeWork\" ><div class='avia_textblock'  itemprop=\"text\" ><div id=\"ElementID134Div\" style=\"text-align: justify;\">\n<div class=\"large\" style=\"text-align: left;\">Wir erarbeiten mit Ihnen L\u00f6sungen bei Aufbau und Umbau einer juristisch tragf\u00e4higen Unternehmensstruktur sowie bei der Organisation einer effizienten Unternehmensf\u00fchrung und -kontrolle. Wir untersuchen die rechtlichen Chancen und Risiken Ihres Unternehmens in seinem gesch\u00e4ftlichen Umfeld und gestalten faire Rahmenbedingungen f\u00fcr Ihre Gesch\u00e4ftsidee. Wir stehen Ihnen bei Konflikten mit Gesch\u00e4ftspartnern, Konkurrenten und Beh\u00f6rden zur Seite und beraten Sie bei schweizerischen wie bei internationalen Transaktionen.<\/div>\n<\/div>\n<div id=\"ElementID145Div\" style=\"text-align: justify;\"><\/div>\n<\/div><\/section><\/div>\n\n<style type=\"text\/css\" data-created_by=\"avia_inline_auto\" id=\"style-css-av-1duz0-f8c7daa891ce6415a39c3815e37c4ff8\">\n.flex_column.av-1duz0-f8c7daa891ce6415a39c3815e37c4ff8{\nborder-radius:0px 0px 0px 0px;\npadding:0px 0px 0px 0px;\n}\n<\/style>\n<div  class='flex_column av-1duz0-f8c7daa891ce6415a39c3815e37c4ff8 av_one_full  avia-builder-el-5  el_after_av_one_full  avia-builder-el-last  first flex_column_div av-zero-column-padding  column-top-margin'     ><section  class='av_textblock_section av-9rg84-2d1b2168170e9920c52dbc1ef2acdea1 '   itemscope=\"itemscope\" itemtype=\"https:\/\/schema.org\/CreativeWork\" ><div class='avia_textblock'  itemprop=\"text\" ><p><a href=\"\/de\/team\/peter-boeckli\/\">CHRISTOPH B. B\u00dcHLER<\/a><\/p>\n<p><a href=\"\/de\/team\/jan-bangert\/\">JAN BANGERT<\/a><\/p>\n<p><a href=\"\/de\/team\/martin-boeckli\/\">MARTIN B\u00d6CKLI<\/a><\/p>\n<p><a href=\"\/de\/team\/daniel-haering\/\">DANIEL H\u00c4RING<\/a><\/p>\n<p><a href=\"\/de\/team\/anne-sophie-burckhardt-buchs\/\">ANNE-SOPHIE BURCKHARDT-BUCHS<\/a><\/p>\n<p><a href=\"https:\/\/www.boeckli-buehler.ch\/de\/team\/roman-b-schlager\/\">ROMAN B. SCHLAGER<\/a><\/p>\n<p><a href=\"https:\/\/www.boeckli-buehler.ch\/de\/team\/meret-mueller\/\">MERET T. M\u00dcLLER<\/a><\/p>\n<p><a href=\"https:\/\/www.boeckli-buehler.ch\/de\/team\/stephan-buser\/\">STEPHAN BUSER<\/a><\/p>\n<\/div><\/section><\/div>\n","protected":false},"excerpt":{"rendered":"","protected":false},"author":1,"featured_media":0,"parent":85,"menu_order":0,"comment_status":"closed","ping_status":"closed","template":"","meta":{"footnotes":""},"_links":{"self":[{"href":"https:\/\/www.boeckli-buehler.ch\/de\/wp-json\/wp\/v2\/pages\/284"}],"collection":[{"href":"https:\/\/www.boeckli-buehler.ch\/de\/wp-json\/wp\/v2\/pages"}],"about":[{"href":"https:\/\/www.boeckli-buehler.ch\/de\/wp-json\/wp\/v2\/types\/page"}],"author":[{"embeddable":true,"href":"https:\/\/www.boeckli-buehler.ch\/de\/wp-json\/wp\/v2\/users\/1"}],"replies":[{"embeddable":true,"href":"https:\/\/www.boeckli-buehler.ch\/de\/wp-json\/wp\/v2\/comments?post=284"}],"version-history":[{"count":28,"href":"https:\/\/www.boeckli-buehler.ch\/de\/wp-json\/wp\/v2\/pages\/284\/revisions"}],"predecessor-version":[{"id":4489,"href":"https:\/\/www.boeckli-buehler.ch\/de\/wp-json\/wp\/v2\/pages\/284\/revisions\/4489"}],"up":[{"embeddable":true,"href":"https:\/\/www.boeckli-buehler.ch\/de\/wp-json\/wp\/v2\/pages\/85"}],"wp:attachment":[{"href":"https:\/\/www.boeckli-buehler.ch\/de\/wp-json\/wp\/v2\/media?parent=284"}],"curies":[{"name":"wp","href":"https:\/\/api.w.org\/{rel}","templated":true}]}}