{"id":300,"date":"2017-12-05T08:33:19","date_gmt":"2017-12-05T08:33:19","guid":{"rendered":"https:\/\/www.boeckli-buehler.ch\/services\/prozessfuehrung-schiedsgerichte-2\/"},"modified":"2024-12-19T12:06:18","modified_gmt":"2024-12-19T12:06:18","slug":"steuern-und-abgaben","status":"publish","type":"page","link":"https:\/\/www.boeckli-buehler.ch\/de\/services\/steuern-und-abgaben\/","title":{"rendered":"STEUERN UND ABGABEN"},"content":{"rendered":"<div id='full_slider_1'  class='avia-fullwidth-slider main_color avia-shadow   avia-builder-el-0  el_before_av_one_full  avia-builder-el-first   container_wrap sidebar_right'  ><div  class='avia-slideshow av-1fmi3g-01388a3b619957812d00c7a20164486a avia-slideshow-featured av_slideshow_full avia-slide-slider av-slideshow-ui av-control-default av-slideshow-manual av-loop-once av-loop-manual-endless av-default-height-applied   avia-slideshow-1' data-slideshow-options=\"{&quot;animation&quot;:&quot;slide&quot;,&quot;autoplay&quot;:false,&quot;loop_autoplay&quot;:&quot;once&quot;,&quot;interval&quot;:5,&quot;loop_manual&quot;:&quot;manual-endless&quot;,&quot;autoplay_stopper&quot;:false,&quot;noNavigation&quot;:false,&quot;bg_slider&quot;:false,&quot;keep_padding&quot;:false,&quot;hoverpause&quot;:false,&quot;show_slide_delay&quot;:0}\"  itemprop=\"image\" itemscope=\"itemscope\" itemtype=\"https:\/\/schema.org\/ImageObject\" ><ul class='avia-slideshow-inner ' style='padding-bottom: 20.3125%;'><li  class='avia-slideshow-slide av-1fmi3g-01388a3b619957812d00c7a20164486a__0  av-single-slide slide-1 slide-odd'><div data-rel='slideshow-1' class='avia-slide-wrap '   ><img decoding=\"async\" fetchpriority=\"high\" class=\"wp-image-609 avia-img-lazy-loading-not-609\"  src=\"https:\/\/www.boeckli-buehler.ch\/wp-content\/uploads\/2018\/02\/8505.jpg\" width=\"1280\" height=\"260\" title='' alt=''  itemprop=\"thumbnailUrl\" srcset=\"https:\/\/www.boeckli-buehler.ch\/wp-content\/uploads\/2018\/02\/8505.jpg 1280w, https:\/\/www.boeckli-buehler.ch\/wp-content\/uploads\/2018\/02\/8505-300x61.jpg 300w, https:\/\/www.boeckli-buehler.ch\/wp-content\/uploads\/2018\/02\/8505-768x156.jpg 768w, https:\/\/www.boeckli-buehler.ch\/wp-content\/uploads\/2018\/02\/8505-1030x209.jpg 1030w, https:\/\/www.boeckli-buehler.ch\/wp-content\/uploads\/2018\/02\/8505-705x143.jpg 705w, https:\/\/www.boeckli-buehler.ch\/wp-content\/uploads\/2018\/02\/8505-450x91.jpg 450w\" sizes=\"(max-width: 1280px) 100vw, 1280px\" \/><\/div><\/li><\/ul><\/div><\/div><div id='after_full_slider_1'  class='main_color av_default_container_wrap container_wrap sidebar_right'  ><div class='container av-section-cont-open' ><div class='template-page content  av-content-small alpha units'><div class='post-entry post-entry-type-page post-entry-300'><div class='entry-content-wrapper clearfix'>\n\n<style type=\"text\/css\" data-created_by=\"avia_inline_auto\" id=\"style-css-av-15jzxw-c3602a919fc9d3aa8c95318f58e06c4a\">\n.flex_column.av-15jzxw-c3602a919fc9d3aa8c95318f58e06c4a{\nborder-radius:0px 0px 0px 0px;\npadding:0px 0px 0px 0px;\n}\n<\/style>\n<div  class='flex_column av-15jzxw-c3602a919fc9d3aa8c95318f58e06c4a av_one_full  avia-builder-el-1  el_after_av_slideshow_full  el_before_av_one_full  avia-builder-el-first  first flex_column_div av-zero-column-padding  '     ><style type=\"text\/css\" data-created_by=\"avia_inline_auto\" id=\"style-css-av-xu9hg-b5899743e23cb6afb7fa8d154e2c0bef\">\n#top .av-special-heading.av-xu9hg-b5899743e23cb6afb7fa8d154e2c0bef{\npadding-bottom:10px;\n}\nbody .av-special-heading.av-xu9hg-b5899743e23cb6afb7fa8d154e2c0bef .av-special-heading-tag .heading-char{\nfont-size:25px;\n}\n.av-special-heading.av-xu9hg-b5899743e23cb6afb7fa8d154e2c0bef .av-subheading{\nfont-size:15px;\n}\n<\/style>\n<div  class='av-special-heading av-xu9hg-b5899743e23cb6afb7fa8d154e2c0bef av-special-heading-h1 blockquote modern-quote  avia-builder-el-2  avia-builder-el-no-sibling '><h1 class='av-special-heading-tag'  itemprop=\"headline\"  >Steuern und Abgaben<\/h1><div class=\"special-heading-border\"><div class=\"special-heading-inner-border\"><\/div><\/div><\/div><\/div>\n\n<style type=\"text\/css\" data-created_by=\"avia_inline_auto\" id=\"style-css-av-qizv0-3309a3b6c346859a345f6aef8f69e093\">\n.flex_column.av-qizv0-3309a3b6c346859a345f6aef8f69e093{\nborder-radius:0px 0px 0px 0px;\npadding:0px 0px 0px 0px;\n}\n<\/style>\n<div  class='flex_column av-qizv0-3309a3b6c346859a345f6aef8f69e093 av_one_full  avia-builder-el-3  el_after_av_one_full  el_before_av_one_full  first flex_column_div av-zero-column-padding  column-top-margin'     ><section  class='av_textblock_section av-1vv4s-8224e2800936f1a085150bea92c3eb33 '   itemscope=\"itemscope\" itemtype=\"https:\/\/schema.org\/CreativeWork\" ><div class='avia_textblock'  itemprop=\"text\" ><div id=\"ElementID134Div\" style=\"text-align: justify;\">\n<div class=\"large\">\n<div id=\"ElementID135Div\">\n<div class=\"large\">\n<div id=\"ElementID136Div\">\n<div class=\"large\" style=\"text-align: left;\">Wir analysieren Ihre Steuerprobleme und beraten Sie bei der rechtlich soliden und steuerlich vorteilhaften.\u00a0Planung Ihrer privaten oder gesch\u00e4ftlichen Verh\u00e4ltnisse, vor allem auch im grenz\u00fcberschreitenden Rahmen, und unterst\u00fctzen und vertreten Sie bei Steuerstreitigkeiten.<\/div>\n<\/div>\n<div id=\"ElementID157Div\"><\/div>\n<\/div>\n<\/div>\n<div id=\"ElementID156Div\"><\/div>\n<\/div>\n<\/div>\n<div id=\"ElementID145Div\" style=\"text-align: justify;\"><\/div>\n<\/div><\/section><\/div>\n\n<style type=\"text\/css\" data-created_by=\"avia_inline_auto\" id=\"style-css-av-dplis-979869ce6382b00b14ee7413c1eb9bf5\">\n.flex_column.av-dplis-979869ce6382b00b14ee7413c1eb9bf5{\nborder-radius:0px 0px 0px 0px;\npadding:0px 0px 0px 0px;\n}\n<\/style>\n<div  class='flex_column av-dplis-979869ce6382b00b14ee7413c1eb9bf5 av_one_full  avia-builder-el-5  el_after_av_one_full  avia-builder-el-last  first flex_column_div av-zero-column-padding  column-top-margin'     ><section  class='av_textblock_section av-bkuek-93d0f6b0639a2a07b299a704fc1e818a '   itemscope=\"itemscope\" itemtype=\"https:\/\/schema.org\/CreativeWork\" ><div class='avia_textblock'  itemprop=\"text\" ><p><a href=\"\/de\/team\/jan-bangert\/\">JAN BANGERT<\/a><\/p>\n<\/div><\/section><\/div>\n","protected":false},"excerpt":{"rendered":"","protected":false},"author":1,"featured_media":0,"parent":85,"menu_order":2,"comment_status":"closed","ping_status":"closed","template":"","meta":{"footnotes":""},"_links":{"self":[{"href":"https:\/\/www.boeckli-buehler.ch\/de\/wp-json\/wp\/v2\/pages\/300"}],"collection":[{"href":"https:\/\/www.boeckli-buehler.ch\/de\/wp-json\/wp\/v2\/pages"}],"about":[{"href":"https:\/\/www.boeckli-buehler.ch\/de\/wp-json\/wp\/v2\/types\/page"}],"author":[{"embeddable":true,"href":"https:\/\/www.boeckli-buehler.ch\/de\/wp-json\/wp\/v2\/users\/1"}],"replies":[{"embeddable":true,"href":"https:\/\/www.boeckli-buehler.ch\/de\/wp-json\/wp\/v2\/comments?post=300"}],"version-history":[{"count":12,"href":"https:\/\/www.boeckli-buehler.ch\/de\/wp-json\/wp\/v2\/pages\/300\/revisions"}],"predecessor-version":[{"id":4403,"href":"https:\/\/www.boeckli-buehler.ch\/de\/wp-json\/wp\/v2\/pages\/300\/revisions\/4403"}],"up":[{"embeddable":true,"href":"https:\/\/www.boeckli-buehler.ch\/de\/wp-json\/wp\/v2\/pages\/85"}],"wp:attachment":[{"href":"https:\/\/www.boeckli-buehler.ch\/de\/wp-json\/wp\/v2\/media?parent=300"}],"curies":[{"name":"wp","href":"https:\/\/api.w.org\/{rel}","templated":true}]}}