{"id":301,"date":"2017-12-05T08:33:19","date_gmt":"2017-12-05T08:33:19","guid":{"rendered":"https:\/\/www.boeckli-buehler.ch\/services\/prozessfuehrung-schiedsgerichte-3\/"},"modified":"2024-12-19T12:06:41","modified_gmt":"2024-12-19T12:06:41","slug":"banken-und-finanzmarkt","status":"publish","type":"page","link":"https:\/\/www.boeckli-buehler.ch\/de\/services\/banken-und-finanzmarkt\/","title":{"rendered":"BANKEN UND FINANZMARKT"},"content":{"rendered":"<div id='full_slider_1'  class='avia-fullwidth-slider main_color avia-shadow   avia-builder-el-0  el_before_av_one_full  avia-builder-el-first   container_wrap sidebar_right'  ><div  class='avia-slideshow av-1coypp-748f170af3fbd1f6d3169a6df77d19c8 avia-slideshow-no scaling av_slideshow_full avia-slide-slider av-slideshow-ui av-control-default av-slideshow-manual av-loop-once av-loop-manual-endless av-default-height-applied   avia-slideshow-1' data-slideshow-options=\"{&quot;animation&quot;:&quot;slide&quot;,&quot;autoplay&quot;:false,&quot;loop_autoplay&quot;:&quot;once&quot;,&quot;interval&quot;:5,&quot;loop_manual&quot;:&quot;manual-endless&quot;,&quot;autoplay_stopper&quot;:false,&quot;noNavigation&quot;:false,&quot;bg_slider&quot;:false,&quot;keep_padding&quot;:false,&quot;hoverpause&quot;:false,&quot;show_slide_delay&quot;:0}\"  itemprop=\"image\" itemscope=\"itemscope\" itemtype=\"https:\/\/schema.org\/ImageObject\" ><ul class='avia-slideshow-inner ' style='padding-bottom: 20.3125%;'><li  class='avia-slideshow-slide av-1coypp-748f170af3fbd1f6d3169a6df77d19c8__0  av-single-slide slide-1 slide-odd'><div data-rel='slideshow-1' class='avia-slide-wrap '   ><img decoding=\"async\" fetchpriority=\"high\" class=\"wp-image-761 avia-img-lazy-loading-not-761\"  src=\"https:\/\/www.boeckli-buehler.ch\/wp-content\/uploads\/2018\/02\/8369-1.jpg\" width=\"1280\" height=\"260\" title='' alt=''  itemprop=\"thumbnailUrl\" srcset=\"https:\/\/www.boeckli-buehler.ch\/wp-content\/uploads\/2018\/02\/8369-1.jpg 1280w, https:\/\/www.boeckli-buehler.ch\/wp-content\/uploads\/2018\/02\/8369-1-300x61.jpg 300w, https:\/\/www.boeckli-buehler.ch\/wp-content\/uploads\/2018\/02\/8369-1-768x156.jpg 768w, https:\/\/www.boeckli-buehler.ch\/wp-content\/uploads\/2018\/02\/8369-1-1030x209.jpg 1030w, https:\/\/www.boeckli-buehler.ch\/wp-content\/uploads\/2018\/02\/8369-1-705x143.jpg 705w, https:\/\/www.boeckli-buehler.ch\/wp-content\/uploads\/2018\/02\/8369-1-450x91.jpg 450w\" sizes=\"(max-width: 1280px) 100vw, 1280px\" \/><\/div><\/li><\/ul><\/div><\/div><div id='after_full_slider_1'  class='main_color av_default_container_wrap container_wrap sidebar_right'  ><div class='container av-section-cont-open' ><div class='template-page content  av-content-small alpha units'><div class='post-entry post-entry-type-page post-entry-301'><div class='entry-content-wrapper clearfix'>\n\n<style type=\"text\/css\" data-created_by=\"avia_inline_auto\" id=\"style-css-av-133xf1-d43b088fb8b665d5af3164ab09d142d4\">\n.flex_column.av-133xf1-d43b088fb8b665d5af3164ab09d142d4{\nborder-radius:0px 0px 0px 0px;\npadding:0px 0px 0px 0px;\n}\n<\/style>\n<div  class='flex_column av-133xf1-d43b088fb8b665d5af3164ab09d142d4 av_one_full  avia-builder-el-1  el_after_av_slideshow_full  el_before_av_one_full  avia-builder-el-first  first flex_column_div av-zero-column-padding  '     ><style type=\"text\/css\" data-created_by=\"avia_inline_auto\" id=\"style-css-av-kanndg4k-c5e5957b61f073f40096837082507656\">\n#top .av-special-heading.av-kanndg4k-c5e5957b61f073f40096837082507656{\npadding-bottom:10px;\n}\nbody .av-special-heading.av-kanndg4k-c5e5957b61f073f40096837082507656 .av-special-heading-tag .heading-char{\nfont-size:25px;\n}\n.av-special-heading.av-kanndg4k-c5e5957b61f073f40096837082507656 .av-subheading{\nfont-size:15px;\n}\n<\/style>\n<div  class='av-special-heading av-kanndg4k-c5e5957b61f073f40096837082507656 av-special-heading-h1 blockquote modern-quote  avia-builder-el-2  avia-builder-el-no-sibling '><h1 class='av-special-heading-tag'  itemprop=\"headline\"  >Banken und Finanzmarkt<\/h1><div class=\"special-heading-border\"><div class=\"special-heading-inner-border\"><\/div><\/div><\/div><\/div>\n\n<style type=\"text\/css\" data-created_by=\"avia_inline_auto\" id=\"style-css-av-oxc8t-05724c81ece9bd3a2330633565167758\">\n.flex_column.av-oxc8t-05724c81ece9bd3a2330633565167758{\nborder-radius:0px 0px 0px 0px;\npadding:0px 0px 0px 0px;\n}\n<\/style>\n<div  class='flex_column av-oxc8t-05724c81ece9bd3a2330633565167758 av_one_full  avia-builder-el-3  el_after_av_one_full  el_before_av_one_full  first flex_column_div av-zero-column-padding  column-top-margin'     ><section  class='av_textblock_section av-jkbxx-e072c6e1de5bea5a8bd43e1f7b558f3d '   itemscope=\"itemscope\" itemtype=\"https:\/\/schema.org\/CreativeWork\" ><div class='avia_textblock'  itemprop=\"text\" ><div id=\"ElementID134Div\" style=\"text-align: justify;\">\n<div class=\"large\">\n<div id=\"ElementID135Div\">\n<div class=\"large\">\n<div id=\"ElementID137Div\">\n<div class=\"large\" style=\"text-align: left;\">Wir sorgen f\u00fcr den tragf\u00e4higen rechtlichen Rahmen f\u00fcr Ihre T\u00e4tigkeit auf dem Kapitalmarkt und unterst\u00fctzen Sie bei der Wahrnehmung Ihrer Rechte aus Transaktionen am Finanzmarkt und aus Kapitalanlagen.<\/div>\n<\/div>\n<div id=\"ElementID158Div\"><\/div>\n<\/div>\n<\/div>\n<div id=\"ElementID156Div\"><\/div>\n<\/div>\n<\/div>\n<div id=\"ElementID145Div\" style=\"text-align: justify;\"><\/div>\n<\/div><\/section><\/div>\n\n<style type=\"text\/css\" data-created_by=\"avia_inline_auto\" id=\"style-css-av-fll1x-4af30770bb397f4910bacc39c5d528db\">\n.flex_column.av-fll1x-4af30770bb397f4910bacc39c5d528db{\nborder-radius:0px 0px 0px 0px;\npadding:0px 0px 0px 0px;\n}\n<\/style>\n<div  class='flex_column av-fll1x-4af30770bb397f4910bacc39c5d528db av_one_full  avia-builder-el-5  el_after_av_one_full  avia-builder-el-last  first flex_column_div av-zero-column-padding  column-top-margin'     ><section  class='av_textblock_section av-brty5-b32fb001cb8e6875b7152581fd570c6c '   itemscope=\"itemscope\" itemtype=\"https:\/\/schema.org\/CreativeWork\" ><div class='avia_textblock'  itemprop=\"text\" ><p><a href=\"\/de\/team\/christoph-b-buehler\/\">CHRISTOPH B. B\u00dcHLER<\/a><\/p>\n<p><a href=\"\/de\/team\/jan-bangert\/\">JAN BANGERT<\/a><\/p>\n<p><a href=\"\/de\/team\/martin-boeckli\/\">MARTIN B\u00d6CKLI<\/a><\/p>\n<p><a href=\"\/de\/team\/daniel-haering\/\">DANIEL H\u00c4RING<\/a><\/p>\n<p><a href=\"\/de\/team\/anne-sophie-burckhardt-buchs\/\">ANNE-SOPHIE BURCKHARDT-BUCHS<\/a><\/p>\n<\/div><\/section><\/div>\n","protected":false},"excerpt":{"rendered":"","protected":false},"author":1,"featured_media":0,"parent":85,"menu_order":3,"comment_status":"closed","ping_status":"closed","template":"","meta":{"footnotes":""},"_links":{"self":[{"href":"https:\/\/www.boeckli-buehler.ch\/de\/wp-json\/wp\/v2\/pages\/301"}],"collection":[{"href":"https:\/\/www.boeckli-buehler.ch\/de\/wp-json\/wp\/v2\/pages"}],"about":[{"href":"https:\/\/www.boeckli-buehler.ch\/de\/wp-json\/wp\/v2\/types\/page"}],"author":[{"embeddable":true,"href":"https:\/\/www.boeckli-buehler.ch\/de\/wp-json\/wp\/v2\/users\/1"}],"replies":[{"embeddable":true,"href":"https:\/\/www.boeckli-buehler.ch\/de\/wp-json\/wp\/v2\/comments?post=301"}],"version-history":[{"count":18,"href":"https:\/\/www.boeckli-buehler.ch\/de\/wp-json\/wp\/v2\/pages\/301\/revisions"}],"predecessor-version":[{"id":4405,"href":"https:\/\/www.boeckli-buehler.ch\/de\/wp-json\/wp\/v2\/pages\/301\/revisions\/4405"}],"up":[{"embeddable":true,"href":"https:\/\/www.boeckli-buehler.ch\/de\/wp-json\/wp\/v2\/pages\/85"}],"wp:attachment":[{"href":"https:\/\/www.boeckli-buehler.ch\/de\/wp-json\/wp\/v2\/media?parent=301"}],"curies":[{"name":"wp","href":"https:\/\/api.w.org\/{rel}","templated":true}]}}