{"id":303,"date":"2017-12-05T08:33:20","date_gmt":"2017-12-05T08:33:20","guid":{"rendered":"https:\/\/www.boeckli-buehler.ch\/services\/prozessfuehrung-schiedsgerichte-5\/"},"modified":"2021-12-27T10:13:08","modified_gmt":"2021-12-27T10:13:08","slug":"arbeitsrecht","status":"publish","type":"page","link":"https:\/\/www.boeckli-buehler.ch\/de\/services\/arbeitsrecht\/","title":{"rendered":"ARBEITSRECHT"},"content":{"rendered":"<div id='full_slider_1'  class='avia-fullwidth-slider main_color avia-shadow   avia-builder-el-0  el_before_av_one_full  avia-builder-el-first   container_wrap sidebar_right'  ><div  class='avia-slideshow av-1f5i7r-d68580c857a9e9f1be9f302c8d89365e avia-slideshow-no scaling av_slideshow_full avia-slide-slider av-slideshow-ui av-control-default av-slideshow-manual av-loop-once av-loop-manual-endless av-default-height-applied   avia-slideshow-1' data-slideshow-options=\"{&quot;animation&quot;:&quot;slide&quot;,&quot;autoplay&quot;:false,&quot;loop_autoplay&quot;:&quot;once&quot;,&quot;interval&quot;:5,&quot;loop_manual&quot;:&quot;manual-endless&quot;,&quot;autoplay_stopper&quot;:false,&quot;noNavigation&quot;:false,&quot;bg_slider&quot;:false,&quot;keep_padding&quot;:false,&quot;hoverpause&quot;:false,&quot;show_slide_delay&quot;:0}\"  itemprop=\"image\" itemscope=\"itemscope\" itemtype=\"https:\/\/schema.org\/ImageObject\" ><ul class='avia-slideshow-inner ' style='padding-bottom: 20.3125%;'><li  class='avia-slideshow-slide av-1f5i7r-d68580c857a9e9f1be9f302c8d89365e__0  av-single-slide slide-1 slide-odd'><div data-rel='slideshow-1' class='avia-slide-wrap '   ><img decoding=\"async\" fetchpriority=\"high\" class=\"wp-image-758 avia-img-lazy-loading-not-758\"  src=\"https:\/\/www.boeckli-buehler.ch\/wp-content\/uploads\/2018\/02\/8692-2.jpg\" width=\"1280\" height=\"260\" title='' alt=''  itemprop=\"thumbnailUrl\" srcset=\"https:\/\/www.boeckli-buehler.ch\/wp-content\/uploads\/2018\/02\/8692-2.jpg 1280w, https:\/\/www.boeckli-buehler.ch\/wp-content\/uploads\/2018\/02\/8692-2-300x61.jpg 300w, https:\/\/www.boeckli-buehler.ch\/wp-content\/uploads\/2018\/02\/8692-2-768x156.jpg 768w, https:\/\/www.boeckli-buehler.ch\/wp-content\/uploads\/2018\/02\/8692-2-1030x209.jpg 1030w, https:\/\/www.boeckli-buehler.ch\/wp-content\/uploads\/2018\/02\/8692-2-705x143.jpg 705w, https:\/\/www.boeckli-buehler.ch\/wp-content\/uploads\/2018\/02\/8692-2-450x91.jpg 450w\" sizes=\"(max-width: 1280px) 100vw, 1280px\" \/><\/div><\/li><\/ul><\/div><\/div><div id='after_full_slider_1'  class='main_color av_default_container_wrap container_wrap sidebar_right'  ><div class='container av-section-cont-open' ><div class='template-page content  av-content-small alpha units'><div class='post-entry post-entry-type-page post-entry-303'><div class='entry-content-wrapper clearfix'>\n\n<style type=\"text\/css\" data-created_by=\"avia_inline_auto\" id=\"style-css-av-11klwn-f47cbd2e332d23fe1a8b51ee305ef268\">\n.flex_column.av-11klwn-f47cbd2e332d23fe1a8b51ee305ef268{\nborder-radius:0px 0px 0px 0px;\npadding:0px 0px 0px 0px;\n}\n<\/style>\n<div  class='flex_column av-11klwn-f47cbd2e332d23fe1a8b51ee305ef268 av_one_full  avia-builder-el-1  el_after_av_slideshow_full  el_before_av_one_full  avia-builder-el-first  first flex_column_div av-zero-column-padding  '     ><style type=\"text\/css\" data-created_by=\"avia_inline_auto\" id=\"style-css-av-vx527-f0c5f5deba7e67f673ef9fce8d3a3781\">\n#top .av-special-heading.av-vx527-f0c5f5deba7e67f673ef9fce8d3a3781{\npadding-bottom:10px;\n}\nbody .av-special-heading.av-vx527-f0c5f5deba7e67f673ef9fce8d3a3781 .av-special-heading-tag .heading-char{\nfont-size:25px;\n}\n.av-special-heading.av-vx527-f0c5f5deba7e67f673ef9fce8d3a3781 .av-subheading{\nfont-size:15px;\n}\n<\/style>\n<div  class='av-special-heading av-vx527-f0c5f5deba7e67f673ef9fce8d3a3781 av-special-heading-h1 blockquote modern-quote  avia-builder-el-2  avia-builder-el-no-sibling '><h1 class='av-special-heading-tag'  itemprop=\"headline\"  >Arbeitsrecht<\/h1><div class=\"special-heading-border\"><div class=\"special-heading-inner-border\"><\/div><\/div><\/div><\/div>\n\n<style type=\"text\/css\" data-created_by=\"avia_inline_auto\" id=\"style-css-av-r0m4f-ccbca38af3f8bff64dfafea2db6b1eac\">\n.flex_column.av-r0m4f-ccbca38af3f8bff64dfafea2db6b1eac{\nborder-radius:0px 0px 0px 0px;\npadding:0px 0px 0px 0px;\n}\n<\/style>\n<div  class='flex_column av-r0m4f-ccbca38af3f8bff64dfafea2db6b1eac av_one_full  avia-builder-el-3  el_after_av_one_full  el_before_av_one_full  first flex_column_div av-zero-column-padding  column-top-margin'     ><section  class='av_textblock_section av-n9zo7-c8e0a94d6ff46d1f76cc73f64fa5fb7a '   itemscope=\"itemscope\" itemtype=\"https:\/\/schema.org\/CreativeWork\" ><div class='avia_textblock'  itemprop=\"text\" ><div id=\"ElementID134Div\">\n<div class=\"large\">\n<div id=\"ElementID135Div\">\n<div class=\"large\">\n<div id=\"ElementID139Div\">\n<div class=\"large\" style=\"text-align: left;\">Wir entwickeln mit Ihnen das motivierende rechtliche Umfeld, in dem sich die F\u00e4higkeiten Ihrer Mitarbeiter zum gr\u00f6ssten Nutzen f\u00fcr Ihre Unternehmungen entwickeln k\u00f6nnen, und unterst\u00fctzen Sie bei arbeitsrechtlichen Konflikten jeder Art.<\/div>\n<\/div>\n<div id=\"ElementID160Div\"><\/div>\n<\/div>\n<\/div>\n<div id=\"ElementID156Div\"><\/div>\n<\/div>\n<\/div>\n<div id=\"ElementID145Div\"><\/div>\n<\/div><\/section><\/div>\n\n<style type=\"text\/css\" data-created_by=\"avia_inline_auto\" id=\"style-css-av-fdui7-5db24082680148445b2ae6333f70d376\">\n.flex_column.av-fdui7-5db24082680148445b2ae6333f70d376{\nborder-radius:0px 0px 0px 0px;\npadding:0px 0px 0px 0px;\n}\n<\/style>\n<div  class='flex_column av-fdui7-5db24082680148445b2ae6333f70d376 av_one_full  avia-builder-el-5  el_after_av_one_full  avia-builder-el-last  first flex_column_div av-zero-column-padding  column-top-margin'     ><section  class='av_textblock_section av-oszb-6fb7695c1c24c68659c32105b898a5b0 '   itemscope=\"itemscope\" itemtype=\"https:\/\/schema.org\/CreativeWork\" ><div class='avia_textblock'  itemprop=\"text\" ><p><a href=\"\/de\/team\/daniel-haering\/\">DANIEL H\u00c4RING<\/a><\/p>\n<p><a href=\"\/de\/team\/christoph-b-buehler\/\">CHRISTOPH B. B\u00dcHLER<\/a><\/p>\n<p><a href=\"\/de\/team\/anne-sophie-burckhardt-buchs\/\">ANNE-SOPHIE BURCKHARDT-BUCHS<\/a><\/p>\n<p><a href=\"https:\/\/www.boeckli-buehler.ch\/de\/team\/meret-mueller\/\">MERET T. M\u00dcLLER<\/a><\/p>\n<\/div><\/section><\/div>\n","protected":false},"excerpt":{"rendered":"","protected":false},"author":1,"featured_media":0,"parent":85,"menu_order":5,"comment_status":"closed","ping_status":"closed","template":"","meta":{"footnotes":""},"_links":{"self":[{"href":"https:\/\/www.boeckli-buehler.ch\/de\/wp-json\/wp\/v2\/pages\/303"}],"collection":[{"href":"https:\/\/www.boeckli-buehler.ch\/de\/wp-json\/wp\/v2\/pages"}],"about":[{"href":"https:\/\/www.boeckli-buehler.ch\/de\/wp-json\/wp\/v2\/types\/page"}],"author":[{"embeddable":true,"href":"https:\/\/www.boeckli-buehler.ch\/de\/wp-json\/wp\/v2\/users\/1"}],"replies":[{"embeddable":true,"href":"https:\/\/www.boeckli-buehler.ch\/de\/wp-json\/wp\/v2\/comments?post=303"}],"version-history":[{"count":18,"href":"https:\/\/www.boeckli-buehler.ch\/de\/wp-json\/wp\/v2\/pages\/303\/revisions"}],"predecessor-version":[{"id":4408,"href":"https:\/\/www.boeckli-buehler.ch\/de\/wp-json\/wp\/v2\/pages\/303\/revisions\/4408"}],"up":[{"embeddable":true,"href":"https:\/\/www.boeckli-buehler.ch\/de\/wp-json\/wp\/v2\/pages\/85"}],"wp:attachment":[{"href":"https:\/\/www.boeckli-buehler.ch\/de\/wp-json\/wp\/v2\/media?parent=303"}],"curies":[{"name":"wp","href":"https:\/\/api.w.org\/{rel}","templated":true}]}}