{"id":304,"date":"2017-12-05T08:33:20","date_gmt":"2017-12-05T08:33:20","guid":{"rendered":"https:\/\/www.boeckli-buehler.ch\/services\/prozessfuehrung-schiedsgerichte-6\/"},"modified":"2025-09-29T12:00:45","modified_gmt":"2025-09-29T12:00:45","slug":"immobilien","status":"publish","type":"page","link":"https:\/\/www.boeckli-buehler.ch\/de\/services\/immobilien\/","title":{"rendered":"IMMOBILIEN"},"content":{"rendered":"<div id='full_slider_1'  class='avia-fullwidth-slider main_color avia-shadow   avia-builder-el-0  el_before_av_one_full  avia-builder-el-first   container_wrap sidebar_right'  ><div  class='avia-slideshow av-51xm8-46127ce82930fa356ccf46b7a2f0f808 avia-slideshow-featured av_slideshow_full avia-slide-slider av-slideshow-ui av-control-default av-slideshow-manual av-loop-once av-loop-manual-endless av-default-height-applied   avia-slideshow-1' data-slideshow-options=\"{&quot;animation&quot;:&quot;slide&quot;,&quot;autoplay&quot;:false,&quot;loop_autoplay&quot;:&quot;once&quot;,&quot;interval&quot;:5,&quot;loop_manual&quot;:&quot;manual-endless&quot;,&quot;autoplay_stopper&quot;:false,&quot;noNavigation&quot;:false,&quot;bg_slider&quot;:false,&quot;keep_padding&quot;:false,&quot;hoverpause&quot;:false,&quot;show_slide_delay&quot;:0}\"  itemprop=\"image\" itemscope=\"itemscope\" itemtype=\"https:\/\/schema.org\/ImageObject\" ><ul class='avia-slideshow-inner ' style='padding-bottom: 20.3125%;'><li  class='avia-slideshow-slide av-51xm8-46127ce82930fa356ccf46b7a2f0f808__0  av-single-slide slide-1 slide-odd'><div data-rel='slideshow-1' class='avia-slide-wrap '   ><img decoding=\"async\" fetchpriority=\"high\" class=\"wp-image-597 avia-img-lazy-loading-not-597\"  src=\"https:\/\/www.boeckli-buehler.ch\/wp-content\/uploads\/2018\/02\/8946.jpg\" width=\"1280\" height=\"260\" title='' alt=''  itemprop=\"thumbnailUrl\" srcset=\"https:\/\/www.boeckli-buehler.ch\/wp-content\/uploads\/2018\/02\/8946.jpg 1280w, https:\/\/www.boeckli-buehler.ch\/wp-content\/uploads\/2018\/02\/8946-300x61.jpg 300w, https:\/\/www.boeckli-buehler.ch\/wp-content\/uploads\/2018\/02\/8946-768x156.jpg 768w, https:\/\/www.boeckli-buehler.ch\/wp-content\/uploads\/2018\/02\/8946-1030x209.jpg 1030w, https:\/\/www.boeckli-buehler.ch\/wp-content\/uploads\/2018\/02\/8946-705x143.jpg 705w, https:\/\/www.boeckli-buehler.ch\/wp-content\/uploads\/2018\/02\/8946-450x91.jpg 450w\" sizes=\"(max-width: 1280px) 100vw, 1280px\" \/><\/div><\/li><\/ul><\/div><\/div><div id='after_full_slider_1'  class='main_color av_default_container_wrap container_wrap sidebar_right'  ><div class='container av-section-cont-open' ><div class='template-page content  av-content-small alpha units'><div class='post-entry post-entry-type-page post-entry-304'><div class='entry-content-wrapper clearfix'>\n\n<style type=\"text\/css\" data-created_by=\"avia_inline_auto\" id=\"style-css-av-118vu8-e80eda07227e85e4f63f05939d1d65bc\">\n.flex_column.av-118vu8-e80eda07227e85e4f63f05939d1d65bc{\nborder-radius:0px 0px 0px 0px;\npadding:0px 0px 0px 0px;\n}\n<\/style>\n<div  class='flex_column av-118vu8-e80eda07227e85e4f63f05939d1d65bc av_one_full  avia-builder-el-1  el_after_av_slideshow_full  el_before_av_one_full  avia-builder-el-first  first flex_column_div av-zero-column-padding  '     ><style type=\"text\/css\" data-created_by=\"avia_inline_auto\" id=\"style-css-av-yo2sg-b84ee6184a31ca50522975a05ab9bae6\">\n#top .av-special-heading.av-yo2sg-b84ee6184a31ca50522975a05ab9bae6{\npadding-bottom:10px;\n}\nbody .av-special-heading.av-yo2sg-b84ee6184a31ca50522975a05ab9bae6 .av-special-heading-tag .heading-char{\nfont-size:25px;\n}\n.av-special-heading.av-yo2sg-b84ee6184a31ca50522975a05ab9bae6 .av-subheading{\nfont-size:15px;\n}\n<\/style>\n<div  class='av-special-heading av-yo2sg-b84ee6184a31ca50522975a05ab9bae6 av-special-heading-h1 blockquote modern-quote  avia-builder-el-2  avia-builder-el-no-sibling '><h1 class='av-special-heading-tag'  itemprop=\"headline\"  >Immobilien<\/h1><div class=\"special-heading-border\"><div class=\"special-heading-inner-border\"><\/div><\/div><\/div><\/div>\n\n<style type=\"text\/css\" data-created_by=\"avia_inline_auto\" id=\"style-css-av-ojvog-85d3613e488f0e0dc105da61a77351b2\">\n.flex_column.av-ojvog-85d3613e488f0e0dc105da61a77351b2{\nborder-radius:0px 0px 0px 0px;\npadding:0px 0px 0px 0px;\n}\n<\/style>\n<div  class='flex_column av-ojvog-85d3613e488f0e0dc105da61a77351b2 av_one_full  avia-builder-el-3  el_after_av_one_full  el_before_av_one_full  first flex_column_div av-zero-column-padding  column-top-margin'     ><section  class='av_textblock_section av-neark-bef0d59e89e6b7fb409a4ac6689abf0f '   itemscope=\"itemscope\" itemtype=\"https:\/\/schema.org\/CreativeWork\" ><div class='avia_textblock'  itemprop=\"text\" ><div id=\"ElementID134Div\" style=\"text-align: justify;\">\n<div class=\"large\">\n<div id=\"ElementID135Div\">\n<div class=\"large\">\n<div id=\"ElementID140Div\">\n<div class=\"large\" style=\"text-align: left;\">Wir stehen Ihnen von der Planung \u00fcber die Entwicklung bis zur Realisierung von Bauprojekten als Rechtsberater zur Seite, gestalten effiziente Transaktionen von Immobilien und sorgen f\u00fcr die umfassende Koordination Ihrer Pl\u00e4ne mit den gesetzlichen und beh\u00f6rdlichen Vorgaben.<\/div>\n<\/div>\n<div id=\"ElementID161Div\"><\/div>\n<\/div>\n<\/div>\n<div id=\"ElementID156Div\"><\/div>\n<\/div>\n<\/div>\n<div id=\"ElementID145Div\" style=\"text-align: justify;\"><\/div>\n<\/div><\/section><\/div>\n\n<style type=\"text\/css\" data-created_by=\"avia_inline_auto\" id=\"style-css-av-clu74-3bbc19e123de5a5b320ab86fb6a12b25\">\n.flex_column.av-clu74-3bbc19e123de5a5b320ab86fb6a12b25{\nborder-radius:0px 0px 0px 0px;\npadding:0px 0px 0px 0px;\n}\n<\/style>\n<div  class='flex_column av-clu74-3bbc19e123de5a5b320ab86fb6a12b25 av_one_full  avia-builder-el-5  el_after_av_one_full  avia-builder-el-last  first flex_column_div av-zero-column-padding  column-top-margin'     ><section  class='av_textblock_section av-75gr4-bffe4b5b237a715ba89a347dd23c7ac6 '   itemscope=\"itemscope\" itemtype=\"https:\/\/schema.org\/CreativeWork\" ><div class='avia_textblock'  itemprop=\"text\" ><p><a href=\"\/de\/team\/jan-bangert\/\">JAN BANGERT<\/a><\/p>\n<p><a href=\"https:\/\/www.boeckli-buehler.ch\/de\/team\/roman-b-schlager\/\">ROMAN B. SCHLAGER<\/a><\/p>\n<p><a href=\"https:\/\/www.boeckli-buehler.ch\/de\/team\/meret-mueller\/\">MERET T. M\u00dcLLER<\/a><\/p>\n<\/div><\/section><\/div>\n","protected":false},"excerpt":{"rendered":"","protected":false},"author":1,"featured_media":0,"parent":85,"menu_order":6,"comment_status":"closed","ping_status":"closed","template":"","meta":{"footnotes":""},"_links":{"self":[{"href":"https:\/\/www.boeckli-buehler.ch\/de\/wp-json\/wp\/v2\/pages\/304"}],"collection":[{"href":"https:\/\/www.boeckli-buehler.ch\/de\/wp-json\/wp\/v2\/pages"}],"about":[{"href":"https:\/\/www.boeckli-buehler.ch\/de\/wp-json\/wp\/v2\/types\/page"}],"author":[{"embeddable":true,"href":"https:\/\/www.boeckli-buehler.ch\/de\/wp-json\/wp\/v2\/users\/1"}],"replies":[{"embeddable":true,"href":"https:\/\/www.boeckli-buehler.ch\/de\/wp-json\/wp\/v2\/comments?post=304"}],"version-history":[{"count":13,"href":"https:\/\/www.boeckli-buehler.ch\/de\/wp-json\/wp\/v2\/pages\/304\/revisions"}],"predecessor-version":[{"id":4745,"href":"https:\/\/www.boeckli-buehler.ch\/de\/wp-json\/wp\/v2\/pages\/304\/revisions\/4745"}],"up":[{"embeddable":true,"href":"https:\/\/www.boeckli-buehler.ch\/de\/wp-json\/wp\/v2\/pages\/85"}],"wp:attachment":[{"href":"https:\/\/www.boeckli-buehler.ch\/de\/wp-json\/wp\/v2\/media?parent=304"}],"curies":[{"name":"wp","href":"https:\/\/api.w.org\/{rel}","templated":true}]}}