{"id":307,"date":"2017-12-05T08:33:20","date_gmt":"2017-12-05T08:33:20","guid":{"rendered":"https:\/\/www.boeckli-buehler.ch\/services\/prozessfuehrung-schiedsgerichte-9\/"},"modified":"2021-12-27T10:15:15","modified_gmt":"2021-12-27T10:15:15","slug":"familie-und-partnerschaft","status":"publish","type":"page","link":"https:\/\/www.boeckli-buehler.ch\/de\/services\/familie-und-partnerschaft\/","title":{"rendered":"FAMILIE UND PARTNERSCHAFT"},"content":{"rendered":"<div id='full_slider_1'  class='avia-fullwidth-slider main_color avia-shadow   avia-builder-el-0  el_before_av_one_full  avia-builder-el-first   container_wrap sidebar_right'  ><div  class='avia-slideshow av-1cv80z-df0e95f709f7160550fa1d707679af6a avia-slideshow-featured av_slideshow_full avia-slide-slider av-slideshow-ui av-control-default av-slideshow-manual av-loop-once av-loop-manual-endless av-default-height-applied   avia-slideshow-1' data-slideshow-options=\"{&quot;animation&quot;:&quot;slide&quot;,&quot;autoplay&quot;:false,&quot;loop_autoplay&quot;:&quot;once&quot;,&quot;interval&quot;:5,&quot;loop_manual&quot;:&quot;manual-endless&quot;,&quot;autoplay_stopper&quot;:false,&quot;noNavigation&quot;:false,&quot;bg_slider&quot;:false,&quot;keep_padding&quot;:false,&quot;hoverpause&quot;:false,&quot;show_slide_delay&quot;:0}\"  itemprop=\"image\" itemscope=\"itemscope\" itemtype=\"https:\/\/schema.org\/ImageObject\" ><ul class='avia-slideshow-inner ' style='padding-bottom: 20.3125%;'><li  class='avia-slideshow-slide av-1cv80z-df0e95f709f7160550fa1d707679af6a__0  av-single-slide slide-1 slide-odd'><div data-rel='slideshow-1' class='avia-slide-wrap '   ><img decoding=\"async\" fetchpriority=\"high\" class=\"wp-image-592 avia-img-lazy-loading-not-592\"  src=\"https:\/\/www.boeckli-buehler.ch\/wp-content\/uploads\/2018\/02\/8698.jpg\" width=\"1280\" height=\"260\" title='' alt=''  itemprop=\"thumbnailUrl\" srcset=\"https:\/\/www.boeckli-buehler.ch\/wp-content\/uploads\/2018\/02\/8698.jpg 1280w, https:\/\/www.boeckli-buehler.ch\/wp-content\/uploads\/2018\/02\/8698-300x61.jpg 300w, https:\/\/www.boeckli-buehler.ch\/wp-content\/uploads\/2018\/02\/8698-768x156.jpg 768w, https:\/\/www.boeckli-buehler.ch\/wp-content\/uploads\/2018\/02\/8698-1030x209.jpg 1030w, https:\/\/www.boeckli-buehler.ch\/wp-content\/uploads\/2018\/02\/8698-705x143.jpg 705w, https:\/\/www.boeckli-buehler.ch\/wp-content\/uploads\/2018\/02\/8698-450x91.jpg 450w\" sizes=\"(max-width: 1280px) 100vw, 1280px\" \/><\/div><\/li><\/ul><\/div><\/div><div id='after_full_slider_1'  class='main_color av_default_container_wrap container_wrap sidebar_right'  ><div class='container av-section-cont-open' ><div class='template-page content  av-content-small alpha units'><div class='post-entry post-entry-type-page post-entry-307'><div class='entry-content-wrapper clearfix'>\n\n<style type=\"text\/css\" data-created_by=\"avia_inline_auto\" id=\"style-css-av-11wl8j-1d99f0a677635e6239476459f81bf038\">\n.flex_column.av-11wl8j-1d99f0a677635e6239476459f81bf038{\nborder-radius:0px 0px 0px 0px;\npadding:0px 0px 0px 0px;\n}\n<\/style>\n<div  class='flex_column av-11wl8j-1d99f0a677635e6239476459f81bf038 av_one_full  avia-builder-el-1  el_after_av_slideshow_full  el_before_av_one_full  avia-builder-el-first  first flex_column_div av-zero-column-padding  '     ><style type=\"text\/css\" data-created_by=\"avia_inline_auto\" id=\"style-css-av-uwj5v-8f13a7e6b7b1b5994202fcdc18c997f9\">\n#top .av-special-heading.av-uwj5v-8f13a7e6b7b1b5994202fcdc18c997f9{\npadding-bottom:10px;\n}\nbody .av-special-heading.av-uwj5v-8f13a7e6b7b1b5994202fcdc18c997f9 .av-special-heading-tag .heading-char{\nfont-size:25px;\n}\n.av-special-heading.av-uwj5v-8f13a7e6b7b1b5994202fcdc18c997f9 .av-subheading{\nfont-size:15px;\n}\n<\/style>\n<div  class='av-special-heading av-uwj5v-8f13a7e6b7b1b5994202fcdc18c997f9 av-special-heading-h1 blockquote modern-quote  avia-builder-el-2  avia-builder-el-no-sibling '><h1 class='av-special-heading-tag'  itemprop=\"headline\"  >Familie und Partnerschaft<\/h1><div class=\"special-heading-border\"><div class=\"special-heading-inner-border\"><\/div><\/div><\/div><\/div>\n\n<style type=\"text\/css\" data-created_by=\"avia_inline_auto\" id=\"style-css-av-rel7n-438422e7d8ad7fa777c408a435efea92\">\n.flex_column.av-rel7n-438422e7d8ad7fa777c408a435efea92{\nborder-radius:0px 0px 0px 0px;\npadding:0px 0px 0px 0px;\n}\n<\/style>\n<div  class='flex_column av-rel7n-438422e7d8ad7fa777c408a435efea92 av_one_full  avia-builder-el-3  el_after_av_one_full  el_before_av_one_full  first flex_column_div av-zero-column-padding  column-top-margin'     ><section  class='av_textblock_section av-js41f-98b9e45a1395cb086b4f6fc6c17dccb2 '   itemscope=\"itemscope\" itemtype=\"https:\/\/schema.org\/CreativeWork\" ><div class='avia_textblock'  itemprop=\"text\" ><div id=\"ElementID134Div\" style=\"text-align: justify;\">\n<div class=\"large\">\n<div id=\"ElementID135Div\">\n<div class=\"large\">\n<div id=\"ElementID143Div\">\n<div class=\"large\" style=\"text-align: left;\">Wir unterst\u00fctzen Sie in der Ordnung Ihrer famili\u00e4ren und partnerschaftlichen Angelegenheiten sowie in Fragen der Organisation, F\u00fchrung und Kontrolle von Familienunternehmen.\u00a0In Konfliktsituationen engagieren wir uns aussergerichtlich wie gerichtlich f\u00fcr rechtlich als auch menschlich tragf\u00e4hige L\u00f6sungen.<\/div>\n<\/div>\n<div id=\"ElementID164Div\"><\/div>\n<\/div>\n<\/div>\n<div id=\"ElementID156Div\"><\/div>\n<\/div>\n<\/div>\n<div id=\"ElementID145Div\" style=\"text-align: justify;\"><\/div>\n<\/div><\/section><\/div>\n\n<style type=\"text\/css\" data-created_by=\"avia_inline_auto\" id=\"style-css-av-dfxj7-03894599db10042843cc410a091b2c8f\">\n.flex_column.av-dfxj7-03894599db10042843cc410a091b2c8f{\nborder-radius:0px 0px 0px 0px;\npadding:0px 0px 0px 0px;\n}\n<\/style>\n<div  class='flex_column av-dfxj7-03894599db10042843cc410a091b2c8f av_one_full  avia-builder-el-5  el_after_av_one_full  avia-builder-el-last  first flex_column_div av-zero-column-padding  column-top-margin'     ><section  class='av_textblock_section av-7h2yr-cbb8077de0ab50d67e6cf21ab5904eea '   itemscope=\"itemscope\" itemtype=\"https:\/\/schema.org\/CreativeWork\" ><div class='avia_textblock'  itemprop=\"text\" ><p><a href=\"\/de\/team\/daniel-haering\/\">DANIEL H\u00c4RING<\/a><\/p>\n<p><a href=\"\/de\/team\/christoph-b-buehler\/\">CHRISTOPH B. B\u00dcHLER<\/a><\/p>\n<p><a href=\"https:\/\/www.boeckli-buehler.ch\/de\/team\/meret-mueller\/\">MERET T. M\u00dcLLER<\/a><\/p>\n<\/div><\/section><\/div>\n","protected":false},"excerpt":{"rendered":"","protected":false},"author":1,"featured_media":0,"parent":85,"menu_order":9,"comment_status":"closed","ping_status":"closed","template":"","meta":{"footnotes":""},"_links":{"self":[{"href":"https:\/\/www.boeckli-buehler.ch\/de\/wp-json\/wp\/v2\/pages\/307"}],"collection":[{"href":"https:\/\/www.boeckli-buehler.ch\/de\/wp-json\/wp\/v2\/pages"}],"about":[{"href":"https:\/\/www.boeckli-buehler.ch\/de\/wp-json\/wp\/v2\/types\/page"}],"author":[{"embeddable":true,"href":"https:\/\/www.boeckli-buehler.ch\/de\/wp-json\/wp\/v2\/users\/1"}],"replies":[{"embeddable":true,"href":"https:\/\/www.boeckli-buehler.ch\/de\/wp-json\/wp\/v2\/comments?post=307"}],"version-history":[{"count":17,"href":"https:\/\/www.boeckli-buehler.ch\/de\/wp-json\/wp\/v2\/pages\/307\/revisions"}],"predecessor-version":[{"id":4413,"href":"https:\/\/www.boeckli-buehler.ch\/de\/wp-json\/wp\/v2\/pages\/307\/revisions\/4413"}],"up":[{"embeddable":true,"href":"https:\/\/www.boeckli-buehler.ch\/de\/wp-json\/wp\/v2\/pages\/85"}],"wp:attachment":[{"href":"https:\/\/www.boeckli-buehler.ch\/de\/wp-json\/wp\/v2\/media?parent=307"}],"curies":[{"name":"wp","href":"https:\/\/api.w.org\/{rel}","templated":true}]}}