{"id":3857,"date":"2023-08-30T06:46:51","date_gmt":"2023-08-30T06:46:51","guid":{"rendered":"https:\/\/www.boeckli-buehler.ch\/?page_id=3857"},"modified":"2023-10-02T13:34:05","modified_gmt":"2023-10-02T13:34:05","slug":"datenschutzerklaerung","status":"publish","type":"page","link":"https:\/\/www.boeckli-buehler.ch\/de\/datenschutzerklaerung\/","title":{"rendered":"DATENSCHUTZERKL\u00c4RUNG ZUR WEBSITE"},"content":{"rendered":"\n<style type=\"text\/css\" data-created_by=\"avia_inline_auto\" id=\"style-css-av-1kkqm4-a944a15e32604b29e338a97effaec2be\">\n.flex_column.av-1kkqm4-a944a15e32604b29e338a97effaec2be{\nborder-radius:0px 0px 0px 0px;\npadding:0px 0px 0px 0px;\n}\n<\/style>\n<div  class='flex_column av-1kkqm4-a944a15e32604b29e338a97effaec2be av_one_full  avia-builder-el-0  el_before_av_one_full  avia-builder-el-first  first flex_column_div av-zero-column-padding  '     ><style type=\"text\/css\" data-created_by=\"avia_inline_auto\" id=\"style-css-av-lm666xuf-7688296224f6ada4373e237fb228fcdb\">\n#top .av-special-heading.av-lm666xuf-7688296224f6ada4373e237fb228fcdb{\npadding-bottom:10px;\n}\nbody .av-special-heading.av-lm666xuf-7688296224f6ada4373e237fb228fcdb .av-special-heading-tag .heading-char{\nfont-size:25px;\n}\n.av-special-heading.av-lm666xuf-7688296224f6ada4373e237fb228fcdb .av-subheading{\nfont-size:15px;\n}\n<\/style>\n<div  class='av-special-heading av-lm666xuf-7688296224f6ada4373e237fb228fcdb av-special-heading-h1  avia-builder-el-1  avia-builder-el-no-sibling '><h1 class='av-special-heading-tag'  itemprop=\"headline\"  >Datenschutzerkl\u00e4rung zur Website<\/h1><div class=\"special-heading-border\"><div class=\"special-heading-inner-border\"><\/div><\/div><\/div><\/div>\n\n<style type=\"text\/css\" data-created_by=\"avia_inline_auto\" id=\"style-css-av-1778ic-b4da7b6374517607d5908a03da29b49b\">\n.flex_column.av-1778ic-b4da7b6374517607d5908a03da29b49b{\nborder-radius:0px 0px 0px 0px;\npadding:0px 0px 0px 0px;\n}\n<\/style>\n<div  class='flex_column av-1778ic-b4da7b6374517607d5908a03da29b49b av_one_full  avia-builder-el-2  el_after_av_one_full  avia-builder-el-last  first flex_column_div av-zero-column-padding  column-top-margin'     ><section  class='av_textblock_section av-144rno-f0ac5bf7a81da14e728266def4de4eaa '   itemscope=\"itemscope\" itemtype=\"https:\/\/schema.org\/CreativeWork\" ><div class='avia_textblock'  itemprop=\"text\" ><ol>\n<li>Wir bearbeiten Personendaten, welche wir durch Besuche auf unserer Website erhalten. Verantwortlich f\u00fcr die in dieser Datenschutzerkl\u00e4rung beschriebene Bearbeitung von Personendaten ist b\u00f6ckli b\u00fchler partner, St. Jakobs-Strasse 41, 4052 Basel (BS), Schweiz.<\/li>\n<li>Zu den von uns erfassten personenbezogenen Daten geh\u00f6ren unter anderem Ihre E-Mail-Adresse und Ihre IP-Adresse. Diese Daten k\u00f6nnen zum Zwecke der Kommunikation mit Ihnen und der Protokollf\u00fchrung verarbeitet werden. Grundlage f\u00fcr diese Verarbeitung sind unsere berechtigten Interessen, n\u00e4mlich die ordnungsgem\u00e4sse Verwaltung unserer Website und unseres Gesch\u00e4fts.<\/li>\n<li>Unser Server speichert automatisch Informationen in so genannten Server-Log-Dateien, die Ihr Browser automatisch an uns \u00fcbermittelt. Dies sind:<br \/>\n&#8211; Browsertyp und Browserversion;<br \/>\n&#8211; Verwendetes Betriebssystem;<br \/>\n&#8211; Referrer URL;<br \/>\n&#8211; Hostname des zugreifenden Rechners;<br \/>\n&#8211; Uhrzeit der Serveranfrage;<br \/>\n&#8211; IP-Adresse.Eine Zusammenf\u00fchrung dieser Daten mit anderen Datenquellen wird nicht vorgenommen.<\/li>\n<li>Internetseiten verwenden h\u00e4ufig sogenannte <u>Cookies<\/u>. Cookies sind kleine Textdateien, die auf Ihrem Rechner abgelegt werden und die Ihr Browser speichert; sie richten auf Ihrem Rechner keinen Schaden an und enthalten keine Viren, sondern dienen dazu, unser Angebot nutzerfreundlicher, effektiver und sicherer zu gestalten.<\/li>\n<li>Die meisten der von uns verwendeten Cookies sind so genannte \u201c<u>Session-Cookies<\/u>\u201d, die nach Ende Ihres Besuchs automatisch gel\u00f6scht werden. Andere Cookies bleiben auf Ihrem Endger\u00e4t gespeichert bis Sie diese l\u00f6schen. Diese Cookies erm\u00f6glichen es uns, Ihren Browser beim n\u00e4chsten Besuch wiederzuerkennen.<\/li>\n<li>Sie k\u00f6nnen Ihren Browser so einstellen, dass Sie \u00fcber das Setzen von Cookies informiert werden und Cookies nur im Einzelfall erlauben, die Annahme von Cookies f\u00fcr bestimmte F\u00e4lle oder generell ausschliessen sowie das automatische L\u00f6schen der Cookies beim Schliessen des Browsers aktivieren. Bei der Deaktivierung von Cookies kann die Funktionalit\u00e4t dieser Website eingeschr\u00e4nkt sein.<\/li>\n<li>Einige Cookies \u2013 sogenannte <u>funktionale Cookies<\/u> \u2013 sind f\u00fcr grundlegende Funktionen notwendig und werden daher beim Aufruf unserer Websites automatisch gespeichert. Diese Cookies speichern Ihre Pr\u00e4ferenzen bei der Nutzung unserer Websites. Sie werden auch dazu verwendet, um die Auslastung unserer Server zu verteilen, um unsere Website verf\u00fcgbar zu halten, sowie zu Sicherheitszwecken. F\u00fcr die Verwendung von funktionalen Cookies, die die grundlegenden Funktionen der Website erm\u00f6glichen, ist keine Zustimmung n\u00f6tig.<\/li>\n<li>Wir verwenden <u>Analyse-Cookies<\/u>, um Daten \u00fcber die Art und Weise zu sammeln, wie Besucher unsere Website nutzen. Dazu geh\u00f6ren Angaben zu meistbesuchten Seiten und die Anzahl angezeigter Fehlermeldungen. Mit Hilfe von Analyse-Cookies erstellen wir Nutzungsstatistiken zu unseren Websites. Diese Cookies helfen uns bei der Verbesserung der Websites. Wir benutzen Google Analytics, um zusammengefasste Statistiken zu den Aufrufen unserer Websites zu erstellen. Zu diesem Zweck haben wir einen Datenverarbeitungsvertrag mit Google abgeschlossen. Die durch Google Analytics erhobenen Daten werden mit anderen Google-Diensten geteilt.<\/li>\n<li>Diese Website benutzt <u>Google Analytics<\/u>, einen Webanalysedienst, der von Google Ireland Limited (\u00abGoogle\u00bb) bereitgestellt wird. Die gewonnenen Statistiken erm\u00f6glichen es uns, unser Angebot zu verbessern und f\u00fcr Sie als Nutzer interessanter zu gestalten. Diese Website verwendet Google Analytics auch f\u00fcr eine ger\u00e4te\u00fcbergreifende Analyse der Besucherstr\u00f6me, die \u00fcber eine Benutzerkennung erfolgt. Wenn Sie \u00fcber ein Google-Benutzerkonto verf\u00fcgen, k\u00f6nnen Sie die ger\u00e4te\u00fcbergreifende Analyse Ihrer Nutzung in den dortigen Einstellungen unter &#8222;Meine Daten&#8220;, &#8222;Pers\u00f6nliche Daten&#8220; deaktivieren.<\/li>\n<li>Die Rechtsgrundlage f\u00fcr den Einsatz von Google Analytics ist unser berechtigtes Interesse daran, die Information \u00fcber unsere Website bedarfsgerecht zu gestalten. Die im Rahmen von Google Analytics von Ihrem Browser \u00fcbermittelte IP-Adresse wird nicht mit anderen Daten von Google zusammengef\u00fchrt. Wir weisen Sie darauf hin, dass auf dieser Website Google Analytics um den Code &#8222;_anonymizeIp();&#8220; erweitert wurde, um eine anonymisierte Erfassung von IP-Adressen zu gew\u00e4hrleisten. Das bedeutet, dass IP-Adressen in gek\u00fcrzter Form verarbeitet werden, so dass sie nicht mit einer bestimmten Person in Verbindung gebracht werden k\u00f6nnen. Sollten die \u00fcber Sie erhobenen Daten einer Person zugeordnet werden k\u00f6nnen, wird dies sofort ausgeschlossen und die personenbezogenen Daten werden umgehend gel\u00f6scht.<\/li>\n<li>Nur in Ausnahmef\u00e4llen wird die volle IP-Adresse an einen Server von Google in den USA \u00fcbertragen und dort gek\u00fcrzt. Im Auftrag des Betreibers dieser Website wird Google diese Informationen benutzen, um Ihre Nutzung der Website auszuwerten, um Reports \u00fcber die Websiteaktivit\u00e4ten zusammenzustellen und um weitere mit der Websitenutzung und der Internetnutzung verbundene Dienstleistungen gegen\u00fcber dem Websitebetreiber zu erbringen. F\u00fcr die Ausnahmef\u00e4lle, in denen personenbezogene Daten in die USA \u00fcbertragen werden, hat sich Google dem EU-US Privacy Shield unterworfen, <a href=\"https:\/\/www.privacyshield.gov\/EU-US-Framework\">https:\/\/www.privacyshield.gov\/EU-US-Framework<\/a>.<\/li>\n<li>Dar\u00fcber hinaus k\u00f6nnen Sie auch die Nutzung von Google Analytics verhindern, indem Sie auf folgenden Link klicken: Google Analytics deaktivieren. Dadurch wird ein sog. Opt-Out-Cookie auf Ihrem Datentr\u00e4ger gespeichert, der die Verarbeitung personenbezogener Daten durch Google Analytics verhindert. Bitte beachten Sie, dass beim L\u00f6schen aller Cookies auf Ihrem Endger\u00e4t auch diese Opt-Out-Cookies gel\u00f6scht werden, d.h. Sie m\u00fcssen die Opt-Out-Cookies erneut setzen, wenn Sie diese Form der Datenerhebung weiterhin verhindern wollen. Die Opt-Out-Cookies werden pro Browser und Computer\/Endger\u00e4t gesetzt und m\u00fcssen daher f\u00fcr jeden Browser, Computer oder jedes andere Endger\u00e4t separat aktiviert werden.<\/li>\n<li>Der Google Tag Manager ist eine L\u00f6sung, mit der wir \u00fcber eine Schnittstelle sogenannte Website-Tags verwalten und so z.B. Google Analytics und andere Google-Marketingdienste in unser Online-Angebot integrieren k\u00f6nnen. Der Tag Manager selbst, der die Tags implementiert, verarbeitet keine personenbezogenen Daten der Nutzer. Hinsichtlich der Verarbeitung personenbezogener Daten der Nutzer verweisen wir auf die folgenden Informationen zu den Google-Diensten. Verwendungsrichtlinien: <a href=\"https:\/\/www.google.com\/intl\/de\/tagmanager\/use-policy.html\">https:\/\/www.google.com\/intl\/de\/tagmanager\/use-policy.html<\/a>.<\/li>\n<li>Diese Website nutzt das Angebot von <u>Google Maps<\/u>. Dies erm\u00f6glicht es uns, interaktive Karten direkt auf der Website darzustellen und Ihnen die komfortable Nutzung der Kartenfunktion zu erm\u00f6glichen. Durch den Besuch der Website erh\u00e4lt Google die Information, dass Sie die entsprechende Unterseite unserer Website aufgerufen haben. Dies geschieht unabh\u00e4ngig davon, ob Google ein Nutzerkonto bereitstellt, \u00fcber das Sie eingeloggt sind, oder ob kein Nutzerkonto vorhanden ist. Wenn Sie bei Google eingeloggt sind, werden Ihre Daten direkt Ihrem Konto zugeordnet. Wenn Sie die Zuordnung zu Ihrem Profil bei Google nicht w\u00fcnschen, m\u00fcssen Sie sich vor Aktivierung der Schaltfl\u00e4che ausloggen. Google speichert Ihre Daten als Nutzungsprofile und nutzt sie f\u00fcr Zwecke der Werbung, Marktforschung und\/oder bedarfsgerechten Gestaltung seiner Website. Eine solche Auswertung erfolgt insbesondere (auch f\u00fcr nicht eingeloggte Nutzer) zur Erbringung bedarfsgerechter Werbung und um andere Nutzer des sozialen Netzwerks \u00fcber Ihre Aktivit\u00e4ten auf unserer Website zu informieren. Sie haben das Recht, der Erstellung dieser Nutzerprofile zu widersprechen, wobei Sie sich zur Aus\u00fcbung dieses Rechts an Google wenden m\u00fcssen. N\u00e4here Informationen zu Zweck und Umfang der Datenerhebung und -verarbeitung durch Google sowie weitere Informationen zu Ihren diesbez\u00fcglichen Rechten und Einstellungsm\u00f6glichkeiten zum Schutz Ihrer Privatsph\u00e4re finden Sie unter: <a href=\"http:\/\/www.google.de\/intl\/de\/policies\/privacy\">www.google.de\/intl\/de\/policies\/privacy<\/a>.<\/li>\n<li>Nur mit Zustimmung des Betroffenen findet f\u00fcr externe Dienste wie z.B. Google Maps eine Bekanntgabe in die USA statt.<\/li>\n<li>Alle \u00fcber unsere Website erhobenen personenbezogenen Daten werden anonymisiert oder gel\u00f6scht, sobald sie zum Zweck der Bearbeitung nicht mehr erforderlich sind.<\/li>\n<li>Wir stellen \u00fcber Zugriffs-, Zugangs- und Benutzerkontrollen sicher, dass die Vertraulichkeit der personenbezogenen Daten gew\u00e4hrleistet wird. Im Weiteren wird die Integrit\u00e4t der personenbezogenen Daten \u00fcber die Kontrollen der Datentr\u00e4ger, des Speichers und des Transports sichergestellt. Auch bei einem technischen oder physischen Zwischenfall k\u00f6nnen die Daten rasch wiederhergestellt werden. Unserer Systeme und Anwendungsprogramme sind auf dem neusten Sicherheitsstand und alle bekannten kritischen L\u00fccken \u2013 OWASP Top 10 \u2013 wurden geschlossen. Was die Nachvollziehbarkeit betrifft, so werden diese \u00fcber Eingabe- und Bekanntgabeprotokolle dokumentiert, Verletzungen der Datensicherheit erkannt und die daraus resultierenden Folgen gemindert und\/oder beseitigt.<\/li>\n<li>Es ist keine Einwilligung seitens der Mandantschaft, ihrer Mitarbeitenden, anderen Kontaktpersonen, unseren Mitarbeitenden oder Besucher unserer Website in die Datenschutzerkl\u00e4rung notwendig. Es handelt sich bei der Datenschutzerkl\u00e4rung lediglich um die Information \u00fcber Art, Umfang und Zweck der Nutzung von \u00fcber die Website erhobenen Personendaten durch b\u00f6ckli b\u00fchler partner. Wir behalten uns das Recht vor, den Inhalt der vorgenannten Datenschutzerkl\u00e4rung jederzeit und ohne Ank\u00fcndigung einseitig zu \u00e4ndern. Es wird daher empfohlen, die Datenschutzerkl\u00e4rung von b\u00f6ckli b\u00fchler partner regelm\u00e4ssig auf unserer Website zu konsultieren.<\/li>\n<li>Bei Fragen oder wenn Sie bzw. Ihre Mitarbeitenden oder anderen Kontaktpersonen Ihre bzw. deren datenschutzrechtlichen Betroffenenrechte wahrnehmen m\u00f6chten, kontaktieren Sie uns bitte \u00fcber bbp@boeckli-buehler.ch oder schreiben Sie an b\u00f6ckli b\u00fchler partner, St. Jakobs-Strasse 41, Postfach 2348, 4002 Basel (BS), Schweiz.<\/li>\n<\/ol>\n<\/div><\/section><\/div>\n","protected":false},"excerpt":{"rendered":"","protected":false},"author":1,"featured_media":0,"parent":0,"menu_order":5,"comment_status":"closed","ping_status":"closed","template":"","meta":{"footnotes":""},"_links":{"self":[{"href":"https:\/\/www.boeckli-buehler.ch\/de\/wp-json\/wp\/v2\/pages\/3857"}],"collection":[{"href":"https:\/\/www.boeckli-buehler.ch\/de\/wp-json\/wp\/v2\/pages"}],"about":[{"href":"https:\/\/www.boeckli-buehler.ch\/de\/wp-json\/wp\/v2\/types\/page"}],"author":[{"embeddable":true,"href":"https:\/\/www.boeckli-buehler.ch\/de\/wp-json\/wp\/v2\/users\/1"}],"replies":[{"embeddable":true,"href":"https:\/\/www.boeckli-buehler.ch\/de\/wp-json\/wp\/v2\/comments?post=3857"}],"version-history":[{"count":9,"href":"https:\/\/www.boeckli-buehler.ch\/de\/wp-json\/wp\/v2\/pages\/3857\/revisions"}],"predecessor-version":[{"id":4812,"href":"https:\/\/www.boeckli-buehler.ch\/de\/wp-json\/wp\/v2\/pages\/3857\/revisions\/4812"}],"wp:attachment":[{"href":"https:\/\/www.boeckli-buehler.ch\/de\/wp-json\/wp\/v2\/media?parent=3857"}],"curies":[{"name":"wp","href":"https:\/\/api.w.org\/{rel}","templated":true}]}}