{"id":3862,"date":"2023-08-30T06:52:04","date_gmt":"2023-08-30T06:52:04","guid":{"rendered":"https:\/\/www.boeckli-buehler.ch\/?page_id=3862"},"modified":"2025-12-15T07:52:05","modified_gmt":"2025-12-15T07:52:05","slug":"impressum","status":"publish","type":"page","link":"https:\/\/www.boeckli-buehler.ch\/de\/impressum\/","title":{"rendered":"IMPRESSUM"},"content":{"rendered":"\n<style type=\"text\/css\" data-created_by=\"avia_inline_auto\" id=\"style-css-av-1kkqm4-a944a15e32604b29e338a97effaec2be\">\n.flex_column.av-1kkqm4-a944a15e32604b29e338a97effaec2be{\nborder-radius:0px 0px 0px 0px;\npadding:0px 0px 0px 0px;\n}\n<\/style>\n<div  class='flex_column av-1kkqm4-a944a15e32604b29e338a97effaec2be av_one_full  avia-builder-el-0  el_before_av_one_full  avia-builder-el-first  first flex_column_div av-zero-column-padding  '     ><style type=\"text\/css\" data-created_by=\"avia_inline_auto\" id=\"style-css-av-llxdrdhk-29c5352c5b55f1c29e0efcb36a7f6455\">\n#top .av-special-heading.av-llxdrdhk-29c5352c5b55f1c29e0efcb36a7f6455{\npadding-bottom:10px;\n}\nbody .av-special-heading.av-llxdrdhk-29c5352c5b55f1c29e0efcb36a7f6455 .av-special-heading-tag .heading-char{\nfont-size:25px;\n}\n.av-special-heading.av-llxdrdhk-29c5352c5b55f1c29e0efcb36a7f6455 .av-subheading{\nfont-size:15px;\n}\n<\/style>\n<div  class='av-special-heading av-llxdrdhk-29c5352c5b55f1c29e0efcb36a7f6455 av-special-heading-h1  avia-builder-el-1  avia-builder-el-no-sibling '><h1 class='av-special-heading-tag'  itemprop=\"headline\"  >Impressum<\/h1><div class=\"special-heading-border\"><div class=\"special-heading-inner-border\"><\/div><\/div><\/div><\/div>\n\n<style type=\"text\/css\" data-created_by=\"avia_inline_auto\" id=\"style-css-av-1778ic-b4da7b6374517607d5908a03da29b49b\">\n.flex_column.av-1778ic-b4da7b6374517607d5908a03da29b49b{\nborder-radius:0px 0px 0px 0px;\npadding:0px 0px 0px 0px;\n}\n<\/style>\n<div  class='flex_column av-1778ic-b4da7b6374517607d5908a03da29b49b av_one_full  avia-builder-el-2  el_after_av_one_full  avia-builder-el-last  first flex_column_div av-zero-column-padding  column-top-margin'     ><section  class='av_textblock_section av-144rno-8b604c02c93357d597a81e5988b1bb6d '   itemscope=\"itemscope\" itemtype=\"https:\/\/schema.org\/CreativeWork\" ><div class='avia_textblock'  itemprop=\"text\" ><div id=\"outerContainer\">\n<div id=\"sidebarContainer\">\n<div id=\"toolbarSidebar\">\n<div id=\"toolbarSidebarLeft\"><\/div>\n<\/div>\n<\/div>\n<\/div>\n<h2>Verantwortlich f\u00fcr den Inhalt<\/h2>\n<p>b\u00f6ckli b\u00fchler partner<br \/>\nSt. Jakobs-Strasse 41<br \/>\nPostfach<br \/>\n4002 Basel<br \/>\nSchweiz<\/p>\n<h2>Vertretungsberechtigte Personen<\/h2>\n<p>Prof. Dr. Christoph B. B\u00fchler<br \/>\nJan Bangert<br \/>\nMartin B\u00f6ckli<br \/>\nDr. Daniel H\u00e4ring<br \/>\nProf. Dr. Dr. h.c. Peter B\u00f6ckli<\/p>\n<h2>Handelsregistereintrag<\/h2>\n<p>Eingetragener Firmenname: b\u00f6ckli b\u00fchler partner<br \/>\nNummer: CH-270.2.002.969-3<br \/>\nHandelsregisteramt: Basel-Stadt<\/p>\n<h2>Haftungsausschluss<\/h2>\n<p>Der Autor \u00fcbernimmt keinerlei Gew\u00e4hr hinsichtlich der inhaltlichen Richtigkeit, Genauigkeit, Aktualit\u00e4t, Zuverl\u00e4ssigkeit und Vollst\u00e4ndigkeit der Informationen.<\/p>\n<p>Haftungsanspr\u00fcche gegen den Autor wegen Sch\u00e4den materieller oder immaterieller Art, welche aus dem Zugriff oder der Nutzung bzw. Nichtnutzung der ver\u00f6ffentlichten Informationen, durch Missbrauch der Verbindung oder durch technische St\u00f6rungen entstanden sind, werden ausgeschlossen.<\/p>\n<p>Alle Angebote sind unverbindlich. Der Autor beh\u00e4lt es sich ausdr\u00fccklich vor, Teile der Seiten oder das gesamte Angebot ohne gesonderte Ank\u00fcndigung zu ver\u00e4ndern, zu erg\u00e4nzen, zu l\u00f6schen oder die Ver\u00f6ffentlichung zeitweise oder endg\u00fcltig einzustellen.<\/p>\n<h2>Haftung f\u00fcr Links<\/h2>\n<p>Verweise und Links auf Webseiten Dritter liegen ausserhalb unseres Verantwortungsbereichs Es wird jegliche Verantwortung f\u00fcr solche Webseiten abgelehnt. Der Zugriff und die Nutzung solcher Webseiten erfolgen auf eigene Gefahr des Nutzers oder der Nutzerin.<\/p>\n<h2>Urheberrechte<\/h2>\n<p>Die Urheber- und alle anderen Rechte an Inhalten, Bildern, Fotos oder anderen Dateien auf der Website geh\u00f6ren ausschliesslich\u00a0<strong>der Firma b\u00f6ckli b\u00fchler partner<\/strong>\u00a0oder den speziell genannten Rechtsinhabern. F\u00fcr die Reproduktion jeglicher Elemente ist die schriftliche Zustimmung der Urheberrechtstr\u00e4ger im Voraus einzuholen.<\/p>\n<div id=\"outerContainer\">\n<div id=\"mainContainer\">\n<div id=\"viewerContainer\" tabindex=\"0\">\n<div id=\"viewer\" class=\"pdfViewer\" lang=\"de-CH\">\n<div class=\"page\" role=\"region\" data-page-number=\"2\" aria-label=\"Seite 2\" data-loaded=\"true\">\n<div class=\"annotationLayer\" data-main-rotation=\"0\"><\/div>\n<\/div>\n<\/div>\n<\/div>\n<\/div>\n<div id=\"dialogContainer\"><\/div>\n<\/div>\n<\/div><\/section><\/div>\n","protected":false},"excerpt":{"rendered":"","protected":false},"author":1,"featured_media":0,"parent":0,"menu_order":5,"comment_status":"closed","ping_status":"closed","template":"","meta":{"footnotes":""},"_links":{"self":[{"href":"https:\/\/www.boeckli-buehler.ch\/de\/wp-json\/wp\/v2\/pages\/3862"}],"collection":[{"href":"https:\/\/www.boeckli-buehler.ch\/de\/wp-json\/wp\/v2\/pages"}],"about":[{"href":"https:\/\/www.boeckli-buehler.ch\/de\/wp-json\/wp\/v2\/types\/page"}],"author":[{"embeddable":true,"href":"https:\/\/www.boeckli-buehler.ch\/de\/wp-json\/wp\/v2\/users\/1"}],"replies":[{"embeddable":true,"href":"https:\/\/www.boeckli-buehler.ch\/de\/wp-json\/wp\/v2\/comments?post=3862"}],"version-history":[{"count":6,"href":"https:\/\/www.boeckli-buehler.ch\/de\/wp-json\/wp\/v2\/pages\/3862\/revisions"}],"predecessor-version":[{"id":4800,"href":"https:\/\/www.boeckli-buehler.ch\/de\/wp-json\/wp\/v2\/pages\/3862\/revisions\/4800"}],"wp:attachment":[{"href":"https:\/\/www.boeckli-buehler.ch\/de\/wp-json\/wp\/v2\/media?parent=3862"}],"curies":[{"name":"wp","href":"https:\/\/api.w.org\/{rel}","templated":true}]}}