{"id":4347,"date":"2024-12-23T11:18:21","date_gmt":"2024-12-23T11:18:21","guid":{"rendered":"https:\/\/www.boeckli-buehler.ch\/?page_id=4347"},"modified":"2025-09-23T11:17:51","modified_gmt":"2025-09-23T11:17:51","slug":"roman-b-schlager","status":"publish","type":"page","link":"https:\/\/www.boeckli-buehler.ch\/de\/team\/roman-b-schlager\/","title":{"rendered":"ROMAN B. SCHLAGER"},"content":{"rendered":"<div id='full_slider_1'  class='avia-fullwidth-slider main_color avia-shadow   avia-builder-el-0  el_before_av_two_third  avia-builder-el-first   container_wrap sidebar_right'  ><div  class='avia-slideshow av-23iytj-fdb46d76546bfe6c9b24eeb73270d404 avia-slideshow-no scaling av_slideshow_full avia-slide-slider av-slideshow-ui av-control-default av-slideshow-manual av-loop-once av-loop-manual-endless av-default-height-applied   avia-slideshow-1' data-slideshow-options=\"{&quot;animation&quot;:&quot;slide&quot;,&quot;autoplay&quot;:false,&quot;loop_autoplay&quot;:&quot;once&quot;,&quot;interval&quot;:5,&quot;loop_manual&quot;:&quot;manual-endless&quot;,&quot;autoplay_stopper&quot;:false,&quot;noNavigation&quot;:false,&quot;bg_slider&quot;:false,&quot;keep_padding&quot;:false,&quot;hoverpause&quot;:false,&quot;show_slide_delay&quot;:0}\"  itemprop=\"image\" itemscope=\"itemscope\" itemtype=\"https:\/\/schema.org\/ImageObject\" ><ul class='avia-slideshow-inner ' style='padding-bottom: 20.344287949922%;'><li  class='avia-slideshow-slide av-23iytj-fdb46d76546bfe6c9b24eeb73270d404__0  av-single-slide slide-1 slide-odd'><div data-rel='slideshow-1' class='avia-slide-wrap '   ><img decoding=\"async\" fetchpriority=\"high\" class=\"wp-image-2730 avia-img-lazy-loading-not-2730\"  src=\"https:\/\/www.boeckli-buehler.ch\/wp-content\/uploads\/2020\/05\/Header9.jpg\" width=\"1278\" height=\"260\" title='Header9' alt=''  itemprop=\"thumbnailUrl\" srcset=\"https:\/\/www.boeckli-buehler.ch\/wp-content\/uploads\/2020\/05\/Header9.jpg 1278w, https:\/\/www.boeckli-buehler.ch\/wp-content\/uploads\/2020\/05\/Header9-300x61.jpg 300w, https:\/\/www.boeckli-buehler.ch\/wp-content\/uploads\/2020\/05\/Header9-1030x210.jpg 1030w, https:\/\/www.boeckli-buehler.ch\/wp-content\/uploads\/2020\/05\/Header9-768x156.jpg 768w, https:\/\/www.boeckli-buehler.ch\/wp-content\/uploads\/2020\/05\/Header9-705x143.jpg 705w, https:\/\/www.boeckli-buehler.ch\/wp-content\/uploads\/2020\/05\/Header9-450x92.jpg 450w\" sizes=\"(max-width: 1278px) 100vw, 1278px\" \/><\/div><\/li><\/ul><\/div><\/div><div id='after_full_slider_1'  class='main_color av_default_container_wrap container_wrap sidebar_right'  ><div class='container av-section-cont-open' ><div class='template-page content  av-content-small alpha units'><div class='post-entry post-entry-type-page post-entry-4347'><div class='entry-content-wrapper clearfix'>\n\n<style type=\"text\/css\" data-created_by=\"avia_inline_auto\" id=\"style-css-av-1rqk9r-91554438b88baaea855d4110f063eba8\">\n.flex_column.av-1rqk9r-91554438b88baaea855d4110f063eba8{\nborder-radius:0px 0px 0px 0px;\npadding:0px 0px 0px 0px;\n}\n<\/style>\n<div  class='flex_column av-1rqk9r-91554438b88baaea855d4110f063eba8 av_two_third  avia-builder-el-1  el_after_av_slideshow_full  el_before_av_one_third  avia-builder-el-first  first flex_column_div av-zero-column-padding  '     ><p>\n<style type=\"text\/css\" data-created_by=\"avia_inline_auto\" id=\"style-css-av-a2mvz-1a58e0f029eed30304a3a94d1ee064dc\">\n#top .av-special-heading.av-a2mvz-1a58e0f029eed30304a3a94d1ee064dc{\npadding-bottom:10px;\n}\nbody .av-special-heading.av-a2mvz-1a58e0f029eed30304a3a94d1ee064dc .av-special-heading-tag .heading-char{\nfont-size:25px;\n}\n.av-special-heading.av-a2mvz-1a58e0f029eed30304a3a94d1ee064dc .av-subheading{\nfont-size:15px;\n}\n<\/style>\n<div  class='av-special-heading av-a2mvz-1a58e0f029eed30304a3a94d1ee064dc av-special-heading-h1 blockquote modern-quote  avia-builder-el-2  el_before_av_textblock  avia-builder-el-first  av-linked-heading'><h1 class='av-special-heading-tag'  itemprop=\"headline\"  >ROMAN B. SCHLAGER<\/h1><div class='av-subheading av-subheading_below'><p>Advokat, EMBA<\/p>\n<\/div><div class=\"special-heading-border\"><div class=\"special-heading-inner-border\"><\/div><\/div><\/div><br \/>\n<section  class='av_textblock_section av-1cb09r-72a0e51eee0fb168cba341583d1e4357 '   itemscope=\"itemscope\" itemtype=\"https:\/\/schema.org\/CreativeWork\" ><div class='avia_textblock'  itemprop=\"text\" ><p>Roman Bj\u00f6rn Schlager schloss im Jahr 2007 das Studium der Rechtswissenschaften an der Universit\u00e4t Basel ab. Nach diversen Volontariaten, unter anderem im B\u00fcro b\u00f6ckli b\u00fchler partner, absolvierte er 2010 das Advokaturexamen Basel-Stadt. An der Hochschule St. Gallen absolvierte Roman Bj\u00f6rn Schlager 2017 einen Executive MBA in General Management, wobei seine Masterarbeit als beste des Jahrgangs mit dem NZZ-Preis gew\u00fcrdigt wurde.<\/p>\n<p>Nach beruflichen Stationen in einer Basler Wirtschaftskanzlei, in der Rechtsabteilung eines b\u00f6rsenkotierten Unternehmens und in leitender Funktion bei Ernst &amp; Young, ist er 2025 als Partner im B\u00fcro b\u00f6ckli b\u00fchler partner eingetreten.<\/p>\n<p>Zu den T\u00e4tigkeitsschwerpunkten von Roman Bj\u00f6rn Schlager z\u00e4hlen generell die umfassende rechtliche Beratung von Unternehmen, Stiftungen und Vereinen, und im speziellen das Vertrags- und Gesellschaftsrecht, sowie M&amp;A, Umstrukturierungen und Nachfolgel\u00f6sungen. Er ber\u00e4t in deutscher, englischer und franz\u00f6sischer Sprache.<\/p>\n<\/div><\/section><br \/>\n\n<style type=\"text\/css\" data-created_by=\"avia_inline_auto\" id=\"style-css-av-18upqf-4eaf07564ead759af322ef731f65cb30\">\n#top .hr.hr-invisible.av-18upqf-4eaf07564ead759af322ef731f65cb30{\nheight:40px;\n}\n<\/style>\n<div  class='hr av-18upqf-4eaf07564ead759af322ef731f65cb30 hr-invisible  avia-builder-el-4  el_after_av_textblock  el_before_av_textblock '><span class='hr-inner '><span class=\"hr-inner-style\"><\/span><\/span><\/div><br \/>\n<section  class='av_textblock_section av-12r8hz-476922a3a55ce6dcb667756ee8fbc368 '   itemscope=\"itemscope\" itemtype=\"https:\/\/schema.org\/CreativeWork\" ><div class='avia_textblock'  itemprop=\"text\" ><p><strong>T\u00e4tigkeitsbereiche:<\/strong><\/p>\n<p><a href=\"https:\/\/www.boeckli-buehler.ch\/services\/unternehmen-und-vertraege\/\">Unternehmen und Vertr\u00e4ge<\/a><br \/>\n<a href=\"https:\/\/www.boeckli-buehler.ch\/services\/vermoegensplanung-und-nachfolge\/\">Verm\u00f6gensplanung und -nachfolge<\/a><br \/>\n<a href=\"https:\/\/www.boeckli-buehler.ch\/de\/services\/immobilien\/\">Immobilien<\/a><br \/>\n<a href=\"https:\/\/www.boeckli-buehler.ch\/services\/gutachten\/\">Gutachten<\/a><\/p>\n<\/div><\/section><\/p><\/div>\n\n<style type=\"text\/css\" data-created_by=\"avia_inline_auto\" id=\"style-css-av-x58w7-cfd5edab1911b6986ed32e4378c928ad\">\n.flex_column.av-x58w7-cfd5edab1911b6986ed32e4378c928ad{\nborder-radius:0px 0px 0px 0px;\npadding:0px 0px 0px 0px;\n}\n<\/style>\n<div  class='flex_column av-x58w7-cfd5edab1911b6986ed32e4378c928ad av_one_third  avia-builder-el-6  el_after_av_two_third  el_before_av_one_full  flex_column_div av-zero-column-padding  '     ><p>\n<style type=\"text\/css\" data-created_by=\"avia_inline_auto\" id=\"style-css-av-2jp13-f1e06f4d9d9217bfcf6e1d48a4dff64d\">\n.avia-image-container.av-2jp13-f1e06f4d9d9217bfcf6e1d48a4dff64d img.avia_image{\nbox-shadow:none;\n}\n.avia-image-container.av-2jp13-f1e06f4d9d9217bfcf6e1d48a4dff64d .av-image-caption-overlay-center{\ncolor:#ffffff;\n}\n<\/style>\n<div  class='avia-image-container av-2jp13-f1e06f4d9d9217bfcf6e1d48a4dff64d av-styling- avia-align-right  avia-builder-el-7  el_before_av_hr  avia-builder-el-first '   itemprop=\"image\" itemscope=\"itemscope\" itemtype=\"https:\/\/schema.org\/ImageObject\" ><div class=\"avia-image-container-inner\"><div class=\"avia-image-overlay-wrap\"><img decoding=\"async\" fetchpriority=\"high\" class='wp-image-4722 avia-img-lazy-loading-not-4722 avia_image ' src=\"https:\/\/www.boeckli-buehler.ch\/wp-content\/uploads\/2025\/09\/RS.jpg\" alt='' title='RS'  height=\"800\" width=\"533\"  itemprop=\"thumbnailUrl\" srcset=\"https:\/\/www.boeckli-buehler.ch\/wp-content\/uploads\/2025\/09\/RS.jpg 533w, https:\/\/www.boeckli-buehler.ch\/wp-content\/uploads\/2025\/09\/RS-200x300.jpg 200w, https:\/\/www.boeckli-buehler.ch\/wp-content\/uploads\/2025\/09\/RS-470x705.jpg 470w\" sizes=\"(max-width: 533px) 100vw, 533px\" \/><\/div><\/div><\/div><br \/>\n\n<style type=\"text\/css\" data-created_by=\"avia_inline_auto\" id=\"style-css-av-20t8v-6b225f9e045032fc2ba12899b3b9009a\">\n#top .hr.hr-invisible.av-20t8v-6b225f9e045032fc2ba12899b3b9009a{\nheight:20px;\n}\n<\/style>\n<div  class='hr av-20t8v-6b225f9e045032fc2ba12899b3b9009a hr-invisible  avia-builder-el-8  el_after_av_image  el_before_av_textblock '><span class='hr-inner '><span class=\"hr-inner-style\"><\/span><\/span><\/div><br \/>\n<section  class='av_textblock_section av-f05bj-aace4f2309c45b732dc6d9255f052350 '   itemscope=\"itemscope\" itemtype=\"https:\/\/schema.org\/CreativeWork\" ><div class='avia_textblock'  itemprop=\"text\" ><p style=\"text-align: center;\">\u00abMich fasziniert die gemeinsame, pragmatische und effiziente Erarbeitung von L\u00f6sungen mit und f\u00fcr die Klienten.\u00bb<\/p>\n<\/div><\/section><br \/>\n<section  class='av_textblock_section av-8i12v-aa6aa14c81b064fd17003e931f45dd17 '   itemscope=\"itemscope\" itemtype=\"https:\/\/schema.org\/CreativeWork\" ><div class='avia_textblock'  itemprop=\"text\" ><p style=\"text-align: center;\"><a href=\"mailto:r.schlager@boeckli-buehler.ch\">E-Mail<\/a>\u00a0| <a href=\"https:\/\/www.boeckli-buehler.ch\/wp-content\/uploads\/Roman_Schlager.vcf\">vCard<\/a><\/p>\n<p style=\"text-align: center;\">Assistentin: Lizge Deniz<br \/>\n<a href=\"mailto:l.deniz@boeckli-buehler.ch\">E-Mail<\/a><\/p>\n<\/div><\/section><\/p><\/div>\n<style type=\"text\/css\" data-created_by=\"avia_inline_auto\" id=\"style-css-av-dqd67-e6099b224034df9c27d41d528bb43969\">\n.flex_column.av-dqd67-e6099b224034df9c27d41d528bb43969{\nborder-radius:0px 0px 0px 0px;\npadding:0px 0px 0px 0px;\n}\n<\/style>\n<div  class='flex_column av-dqd67-e6099b224034df9c27d41d528bb43969 av_one_full  avia-builder-el-11  el_after_av_one_third  avia-builder-el-last  first flex_column_div av-zero-column-padding  column-top-margin'     ><div  class='tabcontainer av-k06hurw0-9732d5f69c003213f11aebcebb85db10 top_tab  avia-builder-el-12  avia-builder-el-no-sibling ' role='tablist'><\/div><\/div><\/p>\n","protected":false},"excerpt":{"rendered":"","protected":false},"author":3,"featured_media":0,"parent":22,"menu_order":6,"comment_status":"closed","ping_status":"closed","template":"","meta":{"footnotes":""},"_links":{"self":[{"href":"https:\/\/www.boeckli-buehler.ch\/de\/wp-json\/wp\/v2\/pages\/4347"}],"collection":[{"href":"https:\/\/www.boeckli-buehler.ch\/de\/wp-json\/wp\/v2\/pages"}],"about":[{"href":"https:\/\/www.boeckli-buehler.ch\/de\/wp-json\/wp\/v2\/types\/page"}],"author":[{"embeddable":true,"href":"https:\/\/www.boeckli-buehler.ch\/de\/wp-json\/wp\/v2\/users\/3"}],"replies":[{"embeddable":true,"href":"https:\/\/www.boeckli-buehler.ch\/de\/wp-json\/wp\/v2\/comments?post=4347"}],"version-history":[{"count":28,"href":"https:\/\/www.boeckli-buehler.ch\/de\/wp-json\/wp\/v2\/pages\/4347\/revisions"}],"predecessor-version":[{"id":4726,"href":"https:\/\/www.boeckli-buehler.ch\/de\/wp-json\/wp\/v2\/pages\/4347\/revisions\/4726"}],"up":[{"embeddable":true,"href":"https:\/\/www.boeckli-buehler.ch\/de\/wp-json\/wp\/v2\/pages\/22"}],"wp:attachment":[{"href":"https:\/\/www.boeckli-buehler.ch\/de\/wp-json\/wp\/v2\/media?parent=4347"}],"curies":[{"name":"wp","href":"https:\/\/api.w.org\/{rel}","templated":true}]}}