{"id":715,"date":"2018-02-22T07:49:18","date_gmt":"2018-02-22T07:49:18","guid":{"rendered":"https:\/\/www.boeckli-buehler.ch\/?page_id=715"},"modified":"2021-02-19T10:35:24","modified_gmt":"2021-02-19T10:35:24","slug":"martin-boeckli","status":"publish","type":"page","link":"https:\/\/www.boeckli-buehler.ch\/en\/team\/martin-boeckli\/","title":{"rendered":"MARTIN B\u00d6CKLI"},"content":{"rendered":"<div id='full_slider_1'  class='avia-fullwidth-slider main_color avia-shadow   avia-builder-el-0  el_before_av_two_third  avia-builder-el-first   container_wrap sidebar_right'  ><div  class='avia-slideshow av-av_slideshow_full-32de997090c749a8c82b86d1ff824dd4 avia-slideshow-featured av_slideshow_full avia-slide-slider av-slideshow-ui av-control-default av-slideshow-manual av-loop-once av-loop-manual-endless av-default-height-applied   avia-slideshow-1' data-slideshow-options=\"{&quot;animation&quot;:&quot;slide&quot;,&quot;autoplay&quot;:false,&quot;loop_autoplay&quot;:&quot;once&quot;,&quot;interval&quot;:5,&quot;loop_manual&quot;:&quot;manual-endless&quot;,&quot;autoplay_stopper&quot;:false,&quot;noNavigation&quot;:false,&quot;bg_slider&quot;:false,&quot;keep_padding&quot;:false,&quot;hoverpause&quot;:false,&quot;show_slide_delay&quot;:0}\"  itemprop=\"image\" itemscope=\"itemscope\" itemtype=\"https:\/\/schema.org\/ImageObject\" ><ul class='avia-slideshow-inner ' style='padding-bottom: 20.3125%;'><li  class='avia-slideshow-slide av-av_slideshow_full-32de997090c749a8c82b86d1ff824dd4__0  av-single-slide slide-1 slide-odd'><div data-rel='slideshow-1' class='avia-slide-wrap '   ><img decoding=\"async\" fetchpriority=\"high\" class=\"wp-image-2098 avia-img-lazy-loading-not-2098\"  src=\"https:\/\/www.boeckli-buehler.ch\/wp-content\/uploads\/2018\/02\/8968.jpg\" width=\"1280\" height=\"260\" title='' alt=''  itemprop=\"thumbnailUrl\" srcset=\"https:\/\/www.boeckli-buehler.ch\/wp-content\/uploads\/2018\/02\/8968.jpg 1280w, https:\/\/www.boeckli-buehler.ch\/wp-content\/uploads\/2018\/02\/8968-300x61.jpg 300w, https:\/\/www.boeckli-buehler.ch\/wp-content\/uploads\/2018\/02\/8968-768x156.jpg 768w, https:\/\/www.boeckli-buehler.ch\/wp-content\/uploads\/2018\/02\/8968-1030x209.jpg 1030w, https:\/\/www.boeckli-buehler.ch\/wp-content\/uploads\/2018\/02\/8968-705x143.jpg 705w, https:\/\/www.boeckli-buehler.ch\/wp-content\/uploads\/2018\/02\/8968-450x91.jpg 450w\" sizes=\"(max-width: 1280px) 100vw, 1280px\" \/><\/div><\/li><\/ul><\/div><\/div><div id='after_full_slider_1'  class='main_color av_default_container_wrap container_wrap sidebar_right'  ><div class='container av-section-cont-open' ><div class='template-page content  av-content-small alpha units'><div class='post-entry post-entry-type-page post-entry-715'><div class='entry-content-wrapper clearfix'>\n\n<style type=\"text\/css\" data-created_by=\"avia_inline_auto\" id=\"style-css-av-av_two_third-6126cab7d8fab8d08143dd2dacdf673c\">\n.flex_column.av-av_two_third-6126cab7d8fab8d08143dd2dacdf673c{\nborder-radius:0px 0px 0px 0px;\npadding:0px 0px 0px 0px;\n}\n<\/style>\n<div  class='flex_column av-av_two_third-6126cab7d8fab8d08143dd2dacdf673c av_two_third  avia-builder-el-1  el_after_av_slideshow_full  el_before_av_one_third  avia-builder-el-first  first flex_column_div av-zero-column-padding  '     ><p>\n<style type=\"text\/css\" data-created_by=\"avia_inline_auto\" id=\"style-css-av-av_heading-8b5e8884eff620f713fe7a4434623574\">\n#top .av-special-heading.av-av_heading-8b5e8884eff620f713fe7a4434623574{\npadding-bottom:10px;\n}\nbody .av-special-heading.av-av_heading-8b5e8884eff620f713fe7a4434623574 .av-special-heading-tag .heading-char{\nfont-size:25px;\n}\n.av-special-heading.av-av_heading-8b5e8884eff620f713fe7a4434623574 .av-subheading{\nfont-size:15px;\n}\n<\/style>\n<div  class='av-special-heading av-av_heading-8b5e8884eff620f713fe7a4434623574 av-special-heading-h1 blockquote modern-quote  avia-builder-el-2  el_before_av_textblock  avia-builder-el-first '><h1 class='av-special-heading-tag'  itemprop=\"headline\"  >MARTIN B\u00d6CKLI<\/h1><div class='av-subheading av-subheading_below'><p>LL.M., Attorney-at-law, also admitted to the bar in New York<\/p>\n<\/div><div class=\"special-heading-border\"><div class=\"special-heading-inner-border\"><\/div><\/div><\/div><br \/>\n<section  class='av_textblock_section av-klc5q4fj-bedb6b3729ec00e551ce125df9963101 '   itemscope=\"itemscope\" itemtype=\"https:\/\/schema.org\/CreativeWork\" ><div class='avia_textblock'  itemprop=\"text\" ><p style=\"text-align: justify;\">Martin B\u00f6ckli studied law at the University of Basel from where he graduated in 1998. He then interned with two law firms in Zurich and the Cantonal Court in the Canton of Zug. In 2004, Martin B\u00f6ckli passed the Bar Exam of Zug and began working as an associate at the firm Nobel &amp; Hug in Zurich.<\/p>\n<p style=\"text-align: justify;\">In 2007, Martin B\u00f6ckli obtained the Master of Laws from New York University, New York (LL.M.), worked as a foreign associate with Fox Horan &amp; Camerini LLP in Manhattan and was admitted to the New York Bar in 2008. Later that year, Martin B\u00f6ckli became counsel to the law firm Ulh\u00f4a Canto, Rezende e Guerra in Rio de Janeiro and S\u00e3o Paulo, in international law and private client matters. In 2013, he became partner at b\u00f6ckli b\u00fchler partners.<\/p>\n<p style=\"text-align: justify;\">Martin B\u00f6ckli has a strong background in contracts, corporate banking and private clients. Martin B\u00f6ckli advises his clients in English, German, French and Portuguese.<\/p>\n<\/div><\/section><br \/>\n\n<style type=\"text\/css\" data-created_by=\"avia_inline_auto\" id=\"style-css-av-av_hr-741ab06d0690c1111415ef58b6e9dc92\">\n#top .hr.hr-invisible.av-av_hr-741ab06d0690c1111415ef58b6e9dc92{\nheight:40px;\n}\n<\/style>\n<div  class='hr av-av_hr-741ab06d0690c1111415ef58b6e9dc92 hr-invisible  avia-builder-el-4  el_after_av_textblock  el_before_av_textblock '><span class='hr-inner '><span class=\"hr-inner-style\"><\/span><\/span><\/div><br \/>\n<section  class='av_textblock_section av-av_textblock-396ddf1f42196ca838231e61a4602801 '   itemscope=\"itemscope\" itemtype=\"https:\/\/schema.org\/CreativeWork\" ><div class='avia_textblock'  itemprop=\"text\" ><p><strong>Practice areas:<\/strong><\/p>\n<p><a href=\"\/en\/services\/corporations-and-contracts\/\">Corporations and Contracts<\/a><br \/>\n<a href=\"\/en\/services\/banking-and-finance\/\">Banking and Finance<\/a><br \/>\n<a href=\"\/en\/services\/trusts-and-estates\/\">Trusts and Estates<\/a><br \/>\n<a href=\"https:\/\/www.boeckli-buehler.ch\/en\/services\/litigation-and-arbitration\/\">Litigation and Arbitration<\/a><br \/>\n<a href=\"https:\/\/www.boeckli-buehler.ch\/en\/services\/expert-opinions\/\">Expert Opinions<\/a><\/p>\n<\/div><\/section><\/p><\/div>\n<style type=\"text\/css\" data-created_by=\"avia_inline_auto\" id=\"style-css-av-av_one_third-0aa7055fe62c3622faec82866afbaeb2\">\n.flex_column.av-av_one_third-0aa7055fe62c3622faec82866afbaeb2{\nborder-radius:0px 0px 0px 0px;\npadding:0px 0px 0px 0px;\n}\n<\/style>\n<div  class='flex_column av-av_one_third-0aa7055fe62c3622faec82866afbaeb2 av_one_third  avia-builder-el-6  el_after_av_two_third  el_before_av_textblock  flex_column_div av-zero-column-padding  '     ><p>\n<style type=\"text\/css\" data-created_by=\"avia_inline_auto\" id=\"style-css-av-av_image-39c65db7720bc8d6ed26dd5359d536ee\">\n.avia-image-container.av-av_image-39c65db7720bc8d6ed26dd5359d536ee img.avia_image{\nbox-shadow:none;\n}\n.avia-image-container.av-av_image-39c65db7720bc8d6ed26dd5359d536ee .av-image-caption-overlay-center{\ncolor:#ffffff;\n}\n<\/style>\n<div  class='avia-image-container av-av_image-39c65db7720bc8d6ed26dd5359d536ee av-styling- avia-align-right  avia-builder-el-7  el_before_av_hr  avia-builder-el-first '   itemprop=\"image\" itemscope=\"itemscope\" itemtype=\"https:\/\/schema.org\/ImageObject\" ><div class=\"avia-image-container-inner\"><div class=\"avia-image-overlay-wrap\"><img decoding=\"async\" fetchpriority=\"high\" class='wp-image-2081 avia-img-lazy-loading-not-2081 avia_image ' src=\"https:\/\/www.boeckli-buehler.ch\/wp-content\/uploads\/2018\/02\/Martin-B\u00f6ckli_new.jpg\" alt='' title=''  height=\"650\" width=\"500\"  itemprop=\"thumbnailUrl\" srcset=\"https:\/\/www.boeckli-buehler.ch\/wp-content\/uploads\/2018\/02\/Martin-B\u00f6ckli_new.jpg 500w, https:\/\/www.boeckli-buehler.ch\/wp-content\/uploads\/2018\/02\/Martin-B\u00f6ckli_new-231x300.jpg 231w, https:\/\/www.boeckli-buehler.ch\/wp-content\/uploads\/2018\/02\/Martin-B\u00f6ckli_new-450x585.jpg 450w\" sizes=\"(max-width: 500px) 100vw, 500px\" \/><\/div><\/div><\/div><br \/>\n\n<style type=\"text\/css\" data-created_by=\"avia_inline_auto\" id=\"style-css-av-av_hr-616cd310f4c6bf63bbd1f033802c1165\">\n#top .hr.hr-invisible.av-av_hr-616cd310f4c6bf63bbd1f033802c1165{\nheight:20px;\n}\n<\/style>\n<div  class='hr av-av_hr-616cd310f4c6bf63bbd1f033802c1165 hr-invisible  avia-builder-el-8  el_after_av_image  el_before_av_textblock '><span class='hr-inner '><span class=\"hr-inner-style\"><\/span><\/span><\/div><br \/>\n<section  class='av_textblock_section av-av_textblock-396ddf1f42196ca838231e61a4602801 '   itemscope=\"itemscope\" itemtype=\"https:\/\/schema.org\/CreativeWork\" ><div class='avia_textblock'  itemprop=\"text\" ><div style=\"text-align: center;\">\u00abI really enjoy the challenge of finding just the right legal solution that caters best to the distinct ideas and needs<\/div>\n<div style=\"text-align: center;\">of our clients.\u00bb<\/div>\n<\/div><\/section><br \/>\n<section  class='av_textblock_section av-k698214y-b893cd58232d2e6fc078a3d55fd16765 '   itemscope=\"itemscope\" itemtype=\"https:\/\/schema.org\/CreativeWork\" ><div class='avia_textblock'  itemprop=\"text\" ><p style=\"text-align: center;\"><a href=\"mailto:m.boeckli@boeckli-buehler.ch\">E-Mail<\/a> | <a href=\"https:\/\/www.boeckli-buehler.ch\/wp-content\/uploads\/2018\/03\/Martin-B\u00f6ckli.vcf\">vCard<\/a><\/p>\n<p style=\"text-align: center;\">Assistant: Hana Meier<br \/>\n<a href=\"mailto:h.meier@boeckli-buehler.ch\">E-Mail<\/a><\/p>\n<\/div><\/section><\/p><\/div><\/p>\n<section  class='av_textblock_section av-av_textblock-0366cc7376be6c9e82a3e9cc8987b64f '   itemscope=\"itemscope\" itemtype=\"https:\/\/schema.org\/CreativeWork\" ><div class='avia_textblock'  itemprop=\"text\" ><\/div><\/section>\n\n<style type=\"text\/css\" data-created_by=\"avia_inline_auto\" id=\"style-css-av-av_one_full-6126cab7d8fab8d08143dd2dacdf673c\">\n.flex_column.av-av_one_full-6126cab7d8fab8d08143dd2dacdf673c{\nborder-radius:0px 0px 0px 0px;\npadding:0px 0px 0px 0px;\n}\n<\/style>\n<div  class='flex_column av-av_one_full-6126cab7d8fab8d08143dd2dacdf673c av_one_full  avia-builder-el-12  el_after_av_textblock  el_before_av_textblock  first flex_column_div av-zero-column-padding  column-top-margin'     ><div  class='tabcontainer av-k6hrcjl8-0a9da47500136020f105aa03fda5679a top_tab  avia-builder-el-13  avia-builder-el-no-sibling ' role='tablist'>\n<section class='av_tab_section av_tab_section av-av_tab-fc5e8a70e7d1a88f8d70ff85f8878428'  itemscope=\"itemscope\" itemtype=\"https:\/\/schema.org\/CreativeWork\" ><div class='tab active_tab' role='tab' tabindex='0' data-fake-id='#tab-id-1' aria-controls='tab-id-1-content'  itemprop=\"headline\" >PUBLICATIONS MARTIN B\u00d6CKLI<\/div><div id='tab-id-1-content' class='tab_content active_tab_content' aria-hidden=\"false\"><div class='tab_inner_content invers-color'  itemprop=\"text\" ><div>\n<div class=\"largebold\">\n<div>\n<div>\n<div>\n<p>Weigerung der Bank auf pers\u00f6nliche Herausgabe von Gold, AJP\/PJA\u00a0 4\/2020 (Erstver\u00f6ffentlichung in der AJP) <a href=\"https:\/\/www.boeckli-buehler.ch\/wp-content\/uploads\/2020\/10\/BOECKLI_MARTIN_AJP_04_2020_525-530.pdf\"><strong>&gt; PDF<\/strong><\/a><\/p>\n<\/div>\n<div>\n<hr \/>\n<\/div>\n<p>Drastische Gesetzes\u00e4nderung bei Inhaberaktien, Basler Zeitung vom 14.12.2019, 11, Co-Autor mit Manuel Mohler <strong><a href=\"https:\/\/www.boeckli-buehler.ch\/wp-content\/uploads\/2020\/01\/Basler-Zeitung-vom-Sa-14.12.2019.pdf\" target=\"_blank\" rel=\"noopener noreferrer\">&gt; PDF<\/a><\/strong><\/p>\n<hr \/>\n<\/div>\n<\/div>\n<div>\u00abBail-in\u00bb: Bankenrettung durch Gl\u00e4ubigeropfer\u00bb, in: Waldburger et al. (Hrsg.), Festschrift f\u00fcr Peter Nobel zum 70. Geburtstag, Law &amp; Economics, Bern 2015, 321 ff., als Co-Autor mit Prof. Dr. Peter B\u00f6ckli.<\/div>\n<div>\n<hr \/>\n<\/div>\n<div>Die Revisionsstelle in der eingeschr\u00e4nkten Revision, ST 88 (2014) 1083 ff.<\/div>\n<div>\n<hr \/>\n<p>Europ\u00e4ische B\u00f6rsenlandschaft im Umbruch?, in: Nobel (Hrsg.), Aktuelle Rechtsprobleme des Finanz- und B\u00f6rsenplatzes Schweiz, Bern 2006, S. 159 ff.<\/p>\n<\/div>\n<\/div>\n<\/div>\n<div class=\"large\">\n<div><\/div>\n<\/div>\n<\/div><\/div><\/section>\n<\/div><\/div>\n<section  class='av_textblock_section av-av_textblock-0366cc7376be6c9e82a3e9cc8987b64f '   itemscope=\"itemscope\" itemtype=\"https:\/\/schema.org\/CreativeWork\" ><div class='avia_textblock'  itemprop=\"text\" ><\/div><\/section>\n","protected":false},"excerpt":{"rendered":"","protected":false},"author":1,"featured_media":0,"parent":689,"menu_order":3,"comment_status":"closed","ping_status":"closed","template":"","meta":{"footnotes":""},"_links":{"self":[{"href":"https:\/\/www.boeckli-buehler.ch\/en\/wp-json\/wp\/v2\/pages\/715"}],"collection":[{"href":"https:\/\/www.boeckli-buehler.ch\/en\/wp-json\/wp\/v2\/pages"}],"about":[{"href":"https:\/\/www.boeckli-buehler.ch\/en\/wp-json\/wp\/v2\/types\/page"}],"author":[{"embeddable":true,"href":"https:\/\/www.boeckli-buehler.ch\/en\/wp-json\/wp\/v2\/users\/1"}],"replies":[{"embeddable":true,"href":"https:\/\/www.boeckli-buehler.ch\/en\/wp-json\/wp\/v2\/comments?post=715"}],"version-history":[{"count":16,"href":"https:\/\/www.boeckli-buehler.ch\/en\/wp-json\/wp\/v2\/pages\/715\/revisions"}],"predecessor-version":[{"id":3147,"href":"https:\/\/www.boeckli-buehler.ch\/en\/wp-json\/wp\/v2\/pages\/715\/revisions\/3147"}],"up":[{"embeddable":true,"href":"https:\/\/www.boeckli-buehler.ch\/en\/wp-json\/wp\/v2\/pages\/689"}],"wp:attachment":[{"href":"https:\/\/www.boeckli-buehler.ch\/en\/wp-json\/wp\/v2\/media?parent=715"}],"curies":[{"name":"wp","href":"https:\/\/api.w.org\/{rel}","templated":true}]}}