{"id":845,"date":"2018-02-22T09:53:16","date_gmt":"2018-02-22T09:53:16","guid":{"rendered":"https:\/\/www.boeckli-buehler.ch\/?page_id=845"},"modified":"2022-08-18T10:56:52","modified_gmt":"2022-08-18T10:56:52","slug":"career","status":"publish","type":"page","link":"https:\/\/www.boeckli-buehler.ch\/en\/career\/","title":{"rendered":"CAREER"},"content":{"rendered":"<div id='full_slider_1'  class='avia-fullwidth-slider main_color avia-shadow   avia-builder-el-0  el_before_av_one_full  avia-builder-el-first   container_wrap sidebar_right'  ><div  class='avia-slideshow av-av_slideshow_full-ca9aa842821e3a17b01b4e99e5d40465 avia-slideshow-no scaling av_slideshow_full avia-slide-slider av-slideshow-ui av-control-default av-slideshow-manual av-loop-once av-loop-manual-endless av-default-height-applied   avia-slideshow-1' data-slideshow-options=\"{&quot;animation&quot;:&quot;slide&quot;,&quot;autoplay&quot;:false,&quot;loop_autoplay&quot;:&quot;once&quot;,&quot;interval&quot;:5,&quot;loop_manual&quot;:&quot;manual-endless&quot;,&quot;autoplay_stopper&quot;:false,&quot;noNavigation&quot;:false,&quot;bg_slider&quot;:false,&quot;keep_padding&quot;:false,&quot;hoverpause&quot;:false,&quot;show_slide_delay&quot;:0}\"  itemprop=\"image\" itemscope=\"itemscope\" itemtype=\"https:\/\/schema.org\/ImageObject\" ><ul class='avia-slideshow-inner ' style='padding-bottom: 20.390625%;'><li  class='avia-slideshow-slide av-av_slideshow_full-ca9aa842821e3a17b01b4e99e5d40465__0  av-single-slide slide-1 slide-odd'><div data-rel='slideshow-1' class='avia-slide-wrap '   ><img decoding=\"async\" fetchpriority=\"high\" class=\"wp-image-2120 avia-img-lazy-loading-not-2120\"  src=\"https:\/\/www.boeckli-buehler.ch\/wp-content\/uploads\/2018\/02\/8984-1.jpg\" width=\"1280\" height=\"261\" title='' alt=''  itemprop=\"thumbnailUrl\" srcset=\"https:\/\/www.boeckli-buehler.ch\/wp-content\/uploads\/2018\/02\/8984-1.jpg 1280w, https:\/\/www.boeckli-buehler.ch\/wp-content\/uploads\/2018\/02\/8984-1-300x61.jpg 300w, https:\/\/www.boeckli-buehler.ch\/wp-content\/uploads\/2018\/02\/8984-1-768x157.jpg 768w, https:\/\/www.boeckli-buehler.ch\/wp-content\/uploads\/2018\/02\/8984-1-1030x210.jpg 1030w, https:\/\/www.boeckli-buehler.ch\/wp-content\/uploads\/2018\/02\/8984-1-705x144.jpg 705w, https:\/\/www.boeckli-buehler.ch\/wp-content\/uploads\/2018\/02\/8984-1-450x92.jpg 450w\" sizes=\"(max-width: 1280px) 100vw, 1280px\" \/><\/div><\/li><\/ul><\/div><\/div><div id='after_full_slider_1'  class='main_color av_default_container_wrap container_wrap sidebar_right'  ><div class='container av-section-cont-open' ><div class='template-page content  av-content-small alpha units'><div class='post-entry post-entry-type-page post-entry-845'><div class='entry-content-wrapper clearfix'>\n\n<style type=\"text\/css\" data-created_by=\"avia_inline_auto\" id=\"style-css-av-av_one_full-6126cab7d8fab8d08143dd2dacdf673c\">\n.flex_column.av-av_one_full-6126cab7d8fab8d08143dd2dacdf673c{\nborder-radius:0px 0px 0px 0px;\npadding:0px 0px 0px 0px;\n}\n<\/style>\n<div  class='flex_column av-av_one_full-6126cab7d8fab8d08143dd2dacdf673c av_one_full  avia-builder-el-1  el_after_av_slideshow_full  avia-builder-el-no-sibling  first flex_column_div av-zero-column-padding  '     ><p>\n<style type=\"text\/css\" data-created_by=\"avia_inline_auto\" id=\"style-css-av-av_heading-7fbc044984b410d06799c69513e30a1f\">\n#top .av-special-heading.av-av_heading-7fbc044984b410d06799c69513e30a1f{\npadding-bottom:10px;\n}\nbody .av-special-heading.av-av_heading-7fbc044984b410d06799c69513e30a1f .av-special-heading-tag .heading-char{\nfont-size:25px;\n}\n.av-special-heading.av-av_heading-7fbc044984b410d06799c69513e30a1f .av-subheading{\nfont-size:15px;\n}\n<\/style>\n<div  class='av-special-heading av-av_heading-7fbc044984b410d06799c69513e30a1f av-special-heading-h1  avia-builder-el-2  el_before_av_textblock  avia-builder-el-first '><h1 class='av-special-heading-tag'  itemprop=\"headline\"  >Vacancies<\/h1><div class=\"special-heading-border\"><div class=\"special-heading-inner-border\"><\/div><\/div><\/div><br \/>\n<section  class='av_textblock_section av-ju3qvzea-3ff8f904fe48adf3c87cbb91d9acd7ea '   itemscope=\"itemscope\" itemtype=\"https:\/\/schema.org\/CreativeWork\" ><div class='avia_textblock'  itemprop=\"text\" ><p><strong>JURISTISCHE VOLONTARIATSSTELLE <\/strong><\/p>\n<p>b\u00f6ckli b\u00fchler partner ist ein wirtschaftsrechtlich orientiertes Advokaturb\u00fcro und offeriert jeweils eine neunmonatige juristische Volontariatsstelle. Wir setzen sehr gute akademische Qualifikationen sowie sprachliche Gewandtheit in Deutsch, Englisch und m\u00f6glichst auch in Franz\u00f6sisch voraus. Ein bereits absolviertes Praktikum auf einem vorzugsweise zivilrechtlich t\u00e4tigen Gericht ist von Vorteil.<\/p>\n<p>Als Volont\u00e4r werden Sie praxisbezogen in den vielseitigen T\u00e4tigkeitsbereich eines Wirtschaftsanwalts eingef\u00fchrt und begleitet. Wir bieten \u00fcberdurchschnittliche Anstellungsbedingungen.<\/p>\n<p>Wenn Sie sich angesprochen f\u00fchlen, senden Sie Ihre Bewerbungsunterlagen an:<\/p>\n<p>Dr. Daniel H\u00e4ring<br \/>\nb\u00f6ckli b\u00fchler partner | St. Jakobs-Strasse 41 | Postfach 2348 | 4002 Basel<br \/>\nTel +41 61 317 94 50<\/p>\n<p>oder per <a href=\"mailto:d.haering@boeckli-buehler.ch\">E-Mail<\/a><\/p>\n<\/div><\/section><\/p><\/div>\n","protected":false},"excerpt":{"rendered":"","protected":false},"author":1,"featured_media":0,"parent":0,"menu_order":4,"comment_status":"closed","ping_status":"closed","template":"","meta":{"footnotes":""},"_links":{"self":[{"href":"https:\/\/www.boeckli-buehler.ch\/en\/wp-json\/wp\/v2\/pages\/845"}],"collection":[{"href":"https:\/\/www.boeckli-buehler.ch\/en\/wp-json\/wp\/v2\/pages"}],"about":[{"href":"https:\/\/www.boeckli-buehler.ch\/en\/wp-json\/wp\/v2\/types\/page"}],"author":[{"embeddable":true,"href":"https:\/\/www.boeckli-buehler.ch\/en\/wp-json\/wp\/v2\/users\/1"}],"replies":[{"embeddable":true,"href":"https:\/\/www.boeckli-buehler.ch\/en\/wp-json\/wp\/v2\/comments?post=845"}],"version-history":[{"count":9,"href":"https:\/\/www.boeckli-buehler.ch\/en\/wp-json\/wp\/v2\/pages\/845\/revisions"}],"predecessor-version":[{"id":4703,"href":"https:\/\/www.boeckli-buehler.ch\/en\/wp-json\/wp\/v2\/pages\/845\/revisions\/4703"}],"wp:attachment":[{"href":"https:\/\/www.boeckli-buehler.ch\/en\/wp-json\/wp\/v2\/media?parent=845"}],"curies":[{"name":"wp","href":"https:\/\/api.w.org\/{rel}","templated":true}]}}